{"id":88,"date":"2022-12-14T15:10:13","date_gmt":"2022-12-14T14:10:13","guid":{"rendered":"http:\/\/couragecourage.net\/?page_id=88"},"modified":"2026-03-29T17:28:49","modified_gmt":"2026-03-29T15:28:49","slug":"accueil","status":"publish","type":"page","link":"https:\/\/couragecourage.net\/","title":{"rendered":"France"},"content":{"rendered":"\n<figure class=\"wp-block-image size-full\"><img loading=\"lazy\" decoding=\"async\" width=\"120\" height=\"80\" src=\"http:\/\/couragecourage.net\/wp-content\/uploads\/2022\/12\/France.png\" alt=\"Drapeau fran\u00e7ais\" class=\"wp-image-35\"\/><\/figure>\n\n\n\n<h3 class=\"wp-block-heading\"><em>R\u00e9veillons-nous !<\/em><\/h3>\n\n\n\n<h4 class=\"wp-block-heading\">La Terre est notre vaisseau, ne le br\u00fblons pas !<br>Ce site est une invitation \u00e0 agir, en toute libert\u00e9.<br>Sommes-nous pr\u00eats \u00e0 faire un geste de protection pour le monde en notre \u00e2me et conscience, sans en rendre compte \u00e0 qui que ce soit ?<\/h4>\n\n\n\n<hr class=\"wp-block-separator aligncenter has-alpha-channel-opacity is-style-wide\"\/>\n\n\n\n<h4 class=\"wp-block-heading\"><em>ANNEE 19 &#8211; Message 1 : 21 d\u00e9cembre 2025<\/em><\/h4>\n\n\n\n<p>Bonjour !<\/p>\n\n\n\n<p>Qu&#8217;allons- nous faire ?<\/p>\n\n\n\n<p>En quelques d\u00e9cennies, notre Terre est devenue comme un village. Chacun peut savoir ce qui se passe \u00e0 l&#8217;autre bout de ce village. Chacun peut croiser un habitant venu d&#8217;un autre &#8220;quartier&#8221; (pays, continent).<\/p>\n\n\n\n<p>Les diff\u00e9rences de niveau de vie sont source de conflit. Les diff\u00e9rences culturelles sont enrichissantes; elles sont aussi source de conflits.<\/p>\n\n\n\n<p>Le r\u00e9chauffement climatique menace la plan\u00e8te elle-m\u00eame, ainsi que chacun d&#8217;entre nous, de grands dangers. <\/p>\n\n\n\n<p>C\u00e9der \u00e0 la peur, au d\u00e9couragement, chacun se doute que ce n&#8217;est pas la bonne solution.<\/p>\n\n\n\n<p>Qu&#8217;allons-nous faire ?<\/p>\n\n\n\n<h5 class=\"wp-block-heading\"><em>Prochain message (<em>2\/5<\/em><\/em>) <em>le 2 f\u00e9vrier 2026<\/em><\/h5>\n\n\n\n<hr class=\"wp-block-separator aligncenter has-alpha-channel-opacity is-style-wide\"\/>\n\n\n\n<h4 class=\"wp-block-heading\" id=\"[object]\"><em>Message 2 : 2 f\u00e9vrier 2026<\/em><\/h4>\n\n\n\n<p>Devant la multitude des probl\u00e8mes qui se posent \u00e0 l&#8217;humanit\u00e9 aujourd&#8217;hui, la pire chose serait de capituler, d&#8217;attendre que la solution vienne seulement des autres.<\/p>\n\n\n\n<p>Or, comme sur un vaisseau dans la temp\u00eate, en pleine mer, chacun a son r\u00f4le \u00e0 jouer.<\/p>\n\n\n\n<p>Nous sommes tous solidaires. Nous avons tous notre part de responsabilit\u00e9.<\/p>\n\n\n\n<p>Au lieu de baisser les bras, nous allons tous faire appel \u00e0 notre courage.<\/p>\n\n\n\n<h5 class=\"wp-block-heading\" id=\"[object]\"><em>Prochain message (3\/5) le 31 mars 2026<\/em><\/h5>\n\n\n\n<hr class=\"wp-block-separator aligncenter has-alpha-channel-opacity is-style-wide\"\/>\n\n\n\n<h4 class=\"wp-block-heading\"><em>Message 3 : 31 mars 2026<\/em><\/h4>\n\n\n\n<p>Si les conflits auxquels nous sommes m\u00eal\u00e9s, ou auxquels nous assistons, semblent sans solution.<\/p>\n\n\n\n<p>Si les ressources de la plan\u00e8te semblent diminuer, nous pouvons mobiliser nos propres ressources, celles de notre jardin secret. Nous avons tous en nous des richesses inexploit\u00e9es.<\/p>\n\n\n\n<p>Le moment est venu o\u00f9 tous ensemble nous pouvons nous relier \u00e0 elles.<\/p>\n\n\n\n<p>Chacun a au moins une cl\u00e9 qui ouvrira une porte, un outil qui abattra un mur.<\/p>\n\n\n\n<p>Or nous sommes des milliards&#8230;<\/p>\n\n\n\n<h5 class=\"wp-block-heading\"><em><em>Prochain message (4\/5)<\/em> le 14 mai 2026<\/em><\/h5>\n\n\n\n<hr class=\"wp-block-separator aligncenter has-alpha-channel-opacity is-style-wide\"\/>\n\n\n\n<p><\/p>\n","protected":false},"excerpt":{"rendered":"<p>R\u00e9veillons-nous ! La Terre est notre vaisseau, ne le br\u00fblons pas !Ce site est une invitation \u00e0 agir, en toute libert\u00e9.Sommes-nous pr\u00eats \u00e0 faire un geste de protection pour le monde en notre \u00e2me et conscience, sans en rendre compte \u00e0 qui que ce soit ? ANNEE 19 &#8211; Message 1 : 21 d\u00e9cembre 2025 &hellip;<\/p>\n<p class=\"read-more\"> <a class=\"\" href=\"https:\/\/couragecourage.net\/\"> <span class=\"screen-reader-text\">France<\/span> Read More &raquo;<\/a><\/p>\n","protected":false},"author":1,"featured_media":0,"parent":0,"menu_order":0,"comment_status":"closed","ping_status":"closed","template":"","meta":{"site-sidebar-layout":"default","site-content-layout":"default","ast-global-header-display":"","ast-main-header-display":"","ast-hfb-above-header-display":"","ast-hfb-below-header-display":"","ast-hfb-mobile-header-display":"","site-post-title":"disabled","ast-breadcrumbs-content":"","ast-featured-img":"","footer-sml-layout":"","theme-transparent-header-meta":"","adv-header-id-meta":"","stick-header-meta":"","header-above-stick-meta":"","header-main-stick-meta":"","header-below-stick-meta":"","footnotes":""},"class_list":["post-88","page","type-page","status-publish","hentry"],"_links":{"self":[{"href":"https:\/\/couragecourage.net\/index.php\/wp-json\/wp\/v2\/pages\/88","targetHints":{"allow":["GET"]}}],"collection":[{"href":"https:\/\/couragecourage.net\/index.php\/wp-json\/wp\/v2\/pages"}],"about":[{"href":"https:\/\/couragecourage.net\/index.php\/wp-json\/wp\/v2\/types\/page"}],"author":[{"embeddable":true,"href":"https:\/\/couragecourage.net\/index.php\/wp-json\/wp\/v2\/users\/1"}],"replies":[{"embeddable":true,"href":"https:\/\/couragecourage.net\/index.php\/wp-json\/wp\/v2\/comments?post=88"}],"version-history":[{"count":66,"href":"https:\/\/couragecourage.net\/index.php\/wp-json\/wp\/v2\/pages\/88\/revisions"}],"predecessor-version":[{"id":2199,"href":"https:\/\/couragecourage.net\/index.php\/wp-json\/wp\/v2\/pages\/88\/revisions\/2199"}],"wp:attachment":[{"href":"https:\/\/couragecourage.net\/index.php\/wp-json\/wp\/v2\/media?parent=88"}],"curies":[{"name":"wp","href":"https:\/\/api.w.org\/{rel}","templated":true}]}}