{"id":346,"date":"2022-12-28T16:33:25","date_gmt":"2022-12-28T15:33:25","guid":{"rendered":"http:\/\/couragecourage.net\/?page_id=346"},"modified":"2023-01-21T17:06:32","modified_gmt":"2023-01-21T16:06:32","slug":"turkce","status":"publish","type":"page","link":"https:\/\/couragecourage.net\/index.php\/turkce\/","title":{"rendered":"T\u00fcrk\u00e7e"},"content":{"rendered":"<style>.wp-show-posts-columns#wpsp-345 {margin-left: -2em; }.wp-show-posts-columns#wpsp-345 .wp-show-posts-inner {margin: 0 0 2em 2em; }<\/style><section id=\"wpsp-345\" class=\" wp-show-posts\" style=\"\"><article class=\" wp-show-posts-single wpsp-clearfix post-343 post type-post status-publish format-standard hentry category-message-1-turkce category-turkce\" itemtype=\"http:\/\/schema.org\/CreativeWork\" itemscope><div class=\"wp-show-posts-inner\" style=\"\">\t\t\t\t\t\t<div class=\"wp-show-posts-entry-content\" itemprop=\"text\">\n\t\t\t\t\t\t\t\n<figure class=\"wp-block-image size-full\"><img loading=\"lazy\" decoding=\"async\" width=\"120\" height=\"80\" src=\"http:\/\/couragecourage.net\/wp-content\/uploads\/2023\/04\/Turkey.png\" alt=\"\" class=\"wp-image-1563\"\/><\/figure>\n\n\n\n<h4 class=\"wp-block-heading\">D\u00fcnya bizim gemimiz, onu bat\u0131rmayal\u0131m !<\/h4>\n\n\n\n<h4 class=\"wp-block-heading\">Bu site sizi al\u0131nmas\u0131 gerekti\u011fini d\u00fc\u015f\u00fcnd\u00fc\u011f\u00fcn\u00fcz \u00f6nlemleri \u00f6zg\u00fcrce ifade etmeye davet ediyor.<\/h4>\n\n\n\n<h4 class=\"wp-block-heading\">Kimseye hesap vermeksizin d\u00fcnyay\u0131 korumak i\u00e7in bir ad\u0131m atmaya kalben ve vicdanen haz\u0131r m\u0131y\u0131z ?<\/h4>\n\n\n\n<hr class=\"wp-block-separator aligncenter has-alpha-channel-opacity is-style-wide\"\/>\n\n\n\n<h4 class=\"wp-block-heading\"><em>Y\u0131l\u00a019 &#8211; Mesaj 1 : 21 Aral\u0131k 2025<\/em><\/h4>\n\n\n\n<p>Merhaba !<\/p>\n\n\n\n<p>Ne yapaca\u011f\u0131z ?<\/p>\n\n\n\n<p>Son yirmi y\u0131lda d\u00fcnyam\u0131z bir k\u00f6ye d\u00f6n\u00fc\u015ft\u00fc. Herkes k\u00f6y\u00fcn ba\u015fka bir ucunda ne olup bitti\u011fini an\u0131nda \u00f6\u011freniyor. Herkes di\u011fer mahalleden (\u00fclke, k\u0131ta) gelen biriyle kar\u015f\u0131la\u015fabiliyor.<\/p>\n\n\n\n<p>Ya\u015fam seviyelerindeki farkl\u0131l\u0131k \u00e7at\u0131\u015fmalar\u0131n kayna\u011f\u0131n\u0131 olu\u015fturuyor. <\/p>\n\n\n\n<p>K\u00fclt\u00fcrel farkl\u0131l\u0131klar bir zenginlik oldu\u011fu kadar \u00e7at\u0131\u015fma nedeni de oluyorlar.<\/p>\n\n\n\n<p>\u0130klim de\u011fi\u015fimi d\u00fcnyam\u0131z\u0131 tehdit ediyor, hepimiz b\u00fcy\u00fck tehlikedeyiz.<\/p>\n\n\n\n<p>Korkuyu bir yana b\u0131rakal\u0131m, ve \u00e7\u00f6z\u00fcm bulmak i\u00e7in i\u015fi ele alal\u0131m.<\/p>\n\n\n\n<p>Ne yapaca\u011f\u0131z ?<\/p>\n\n\n\n<h5 class=\"wp-block-heading\"><em>Mesaj (2\/5) i\u00e7in bir sonraki bulu\u015fma 2 \u015eubat 2026 de olacak<\/em>.<\/h5>\n\n\n\n<hr class=\"wp-block-separator aligncenter has-alpha-channel-opacity is-style-wide\"\/>\n\t\t\t\t\t\t<\/div><!-- .entry-content -->\n\t\t\t\t\t<\/div><!-- wp-show-posts-inner --><div class=\"wpsp-clear\"><\/div><\/article><article class=\" wp-show-posts-single wpsp-clearfix post-1051 post type-post status-publish format-standard hentry category-turkce category-message-2-turkce\" itemtype=\"http:\/\/schema.org\/CreativeWork\" itemscope><div class=\"wp-show-posts-inner\" style=\"\">\t\t\t\t\t\t<div class=\"wp-show-posts-entry-content\" itemprop=\"text\">\n\t\t\t\t\t\t\t\n<h4 class=\"wp-block-heading\"><em>Mesaj 2 : 2 <em>\u015eubat<\/em><\/em> <em>2026<\/em><\/h4>\n\n\n\n<p>\u0130nsanl\u0131\u011f\u0131n g\u00fcn\u00fcm\u00fcde maruz kald\u0131\u011f\u0131 onca problem kar\u015f\u0131s\u0131nda, \u00e7\u00f6z\u00fcm\u00fcn sadece ba\u015fkalar\u0131 taraf\u0131ndan bulunmas\u0131n\u0131 beklemek b\u00fcy\u00fck bir gaflet olacakt\u0131r.<\/p>\n\n\n\n<p>\u00c7\u00fcnk\u00fc, aynen a\u00e7\u0131k denizde f\u0131rt\u0131naya yakalanan bir gemide oldu\u011fu gibi, her bireyin almas\u0131 gereken bir sorumluluk vard\u0131r.<\/p>\n\n\n\n<p>Hepimiz birbirimizden sorumluyuz.<\/p>\n\n\n\n<p>Hepimizin kendi pay\u0131na d\u00fc\u015fen sorumlulu\u011fu \u00fcstlenmesi gerekir.<\/p>\n\n\n\n<p>Pes etmek yerine, cesaretimizi toplay\u0131p harekete ge\u00e7ece\u011fiz.<\/p>\n\n\n\n<h5 class=\"wp-block-heading\"><em>Mesaj (3\/5) i\u00e7in bir sonraki bulu\u015fma 31 Mart<\/em> <em>2026<\/em> <em>de olacak<\/em>.<\/h5>\n\n\n\n<hr class=\"wp-block-separator aligncenter has-alpha-channel-opacity is-style-wide\"\/>\n\t\t\t\t\t\t<\/div><!-- .entry-content -->\n\t\t\t\t\t<\/div><!-- wp-show-posts-inner --><div class=\"wpsp-clear\"><\/div><\/article><article class=\" wp-show-posts-single wpsp-clearfix post-1053 post type-post status-publish format-standard hentry category-turkce category-message-3-turkce\" itemtype=\"http:\/\/schema.org\/CreativeWork\" itemscope><div class=\"wp-show-posts-inner\" style=\"\">\t\t\t\t\t\t<div class=\"wp-show-posts-entry-content\" itemprop=\"text\">\n\t\t\t\t\t\t\t\n<h4 class=\"wp-block-heading\"><em>Mesaj 3 : 3<em>1 <em><em>Mart<\/em><\/em><\/em><\/em> <em>2026<\/em><\/h4>\n\n\n\n<p>Kar\u015f\u0131la\u015ft\u0131\u011f\u0131m\u0131z, tan\u0131\u011f\u0131 oldu\u011fumuz problemler \u00e7\u00f6z\u00fcms\u00fcz kal\u0131yor, d\u00fcnyam\u0131z\u0131n kaynaklar\u0131 g\u00fcnden g\u00fcne azal\u0131yor gibi hissediyorsak, gizli bah\u00e7emizdeki kendimize ait kaynaklar\u0131 seferber edebiliriz.<\/p>\n\n\n\n<p>Her birimiz kendi i\u00e7imizde ke\u015ffedilmemi\u015f zenginlikler bar\u0131nd\u0131r\u0131yoruz.<\/p>\n\n\n\n<p>Hep birlikte onlar\u0131 ortaya \u00e7\u0131karma zaman\u0131 geldi.<\/p>\n\n\n\n<p>Her bireyin en az\u0131ndan bir kap\u0131 a\u00e7acak anahtar\u0131, bir duvar \u00f6recek aleti vard\u0131r.<\/p>\n\n\n\n<p>Kald\u0131 ki, milyarlarcay\u0131z&#8230;<\/p>\n\n\n\n<h5 class=\"wp-block-heading\"><em>Mesaj (4\/5) i\u00e7in bir sonraki bulu\u015fma 14 May\u0131s 2026 de olacak<\/em>.<\/h5>\n\n\n\n<hr class=\"wp-block-separator aligncenter has-alpha-channel-opacity is-style-wide\"\/>\n\t\t\t\t\t\t<\/div><!-- .entry-content -->\n\t\t\t\t\t<\/div><!-- wp-show-posts-inner --><div class=\"wpsp-clear\"><\/div><\/article><\/section><!-- .wp-show-posts -->\n","protected":false},"excerpt":{"rendered":"","protected":false},"author":1,"featured_media":0,"parent":0,"menu_order":0,"comment_status":"closed","ping_status":"closed","template":"","meta":{"site-sidebar-layout":"default","site-content-layout":"default","ast-global-header-display":"","ast-main-header-display":"","ast-hfb-above-header-display":"","ast-hfb-below-header-display":"","ast-hfb-mobile-header-display":"","site-post-title":"disabled","ast-breadcrumbs-content":"","ast-featured-img":"","footer-sml-layout":"","theme-transparent-header-meta":"","adv-header-id-meta":"","stick-header-meta":"","header-above-stick-meta":"","header-main-stick-meta":"","header-below-stick-meta":"","footnotes":""},"class_list":["post-346","page","type-page","status-publish","hentry"],"_links":{"self":[{"href":"https:\/\/couragecourage.net\/index.php\/wp-json\/wp\/v2\/pages\/346","targetHints":{"allow":["GET"]}}],"collection":[{"href":"https:\/\/couragecourage.net\/index.php\/wp-json\/wp\/v2\/pages"}],"about":[{"href":"https:\/\/couragecourage.net\/index.php\/wp-json\/wp\/v2\/types\/page"}],"author":[{"embeddable":true,"href":"https:\/\/couragecourage.net\/index.php\/wp-json\/wp\/v2\/users\/1"}],"replies":[{"embeddable":true,"href":"https:\/\/couragecourage.net\/index.php\/wp-json\/wp\/v2\/comments?post=346"}],"version-history":[{"count":1,"href":"https:\/\/couragecourage.net\/index.php\/wp-json\/wp\/v2\/pages\/346\/revisions"}],"predecessor-version":[{"id":347,"href":"https:\/\/couragecourage.net\/index.php\/wp-json\/wp\/v2\/pages\/346\/revisions\/347"}],"wp:attachment":[{"href":"https:\/\/couragecourage.net\/index.php\/wp-json\/wp\/v2\/media?parent=346"}],"curies":[{"name":"wp","href":"https:\/\/api.w.org\/{rel}","templated":true}]}}