{"id":340,"date":"2022-12-28T16:28:59","date_gmt":"2022-12-28T15:28:59","guid":{"rendered":"http:\/\/couragecourage.net\/?page_id=340"},"modified":"2023-01-21T17:06:14","modified_gmt":"2023-01-21T16:06:14","slug":"suomi","status":"publish","type":"page","link":"https:\/\/couragecourage.net\/index.php\/suomi\/","title":{"rendered":"Suomi"},"content":{"rendered":"<style>.wp-show-posts-columns#wpsp-339 {margin-left: -2em; }.wp-show-posts-columns#wpsp-339 .wp-show-posts-inner {margin: 0 0 2em 2em; }<\/style><section id=\"wpsp-339\" class=\" wp-show-posts\" style=\"\"><article class=\" wp-show-posts-single wpsp-clearfix post-337 post type-post status-publish format-standard hentry category-message-1-suomi category-suomi\" itemtype=\"http:\/\/schema.org\/CreativeWork\" itemscope><div class=\"wp-show-posts-inner\" style=\"\">\t\t\t\t\t\t<div class=\"wp-show-posts-entry-content\" itemprop=\"text\">\n\t\t\t\t\t\t\t\n<figure class=\"wp-block-image size-full\"><img loading=\"lazy\" decoding=\"async\" width=\"120\" height=\"73\" src=\"http:\/\/couragecourage.net\/wp-content\/uploads\/2023\/04\/Finland.png\" alt=\"\" class=\"wp-image-1561\"\/><\/figure>\n\n\n\n<h3 class=\"wp-block-heading\"><em>Her\u00e4tt\u00e4\u00e4 meid\u00e4t !<\/em><\/h3>\n\n\n\n<h4 class=\"wp-block-heading\">Maailma on meld\u00e4n avaruuslaivamme, \u00e4lk\u00e4\u00e4mme poltakko sit\u00e4!<\/h4>\n\n\n\n<h4 class=\"wp-block-heading\">N\u00e4m\u00e4 kotisivut ovat kutsu toimia kaikessa vapaudessa.<\/h4>\n\n\n\n<h4 class=\"wp-block-heading\">Olemmeko valmiita toteuttamaan sielussamme ja tajunnassamme eleen, joka suejelee maailmaa, tiedostamattamme sit\u00e4 olipa kyse mist\u00e4 tahansa eleest\u00e4 ?<\/h4>\n\n\n\n<hr class=\"wp-block-separator aligncenter has-alpha-channel-opacity is-style-wide\"\/>\n\n\n\n<h4 class=\"wp-block-heading\"><em>Vuosi\u00a019 -Viesti 1 : 21. joulukuuta 2025<\/em><\/h4>\n\n\n\n<p>Tervehdys !<\/p>\n\n\n\n<p>Mit\u00e4 aiot tehd\u00e4 ?<\/p>\n\n\n\n<p>Muutamassa vuosikymmeness\u00e4 maapallomme on muutunut maailmankyl\u00e4ksi. Kaikki tiet\u00e4v\u00e4t mit\u00e4 kyl\u00e4n toisessa p\u00e4\u00e4ss\u00e4 tapahtuu. Kuka hyv\u00e4ns\u00e4 voi kohdata toisen korttelin asukkaita.<\/p>\n\n\n\n<p>Elintasoerot raatelevat ihmiskuntaa. Kulttuurierot tuovat el\u00e4m\u00e4\u00e4mme rikkautta, mutta ovat my\u00f6s ristiriitojen aiheuttajia.<\/p>\n\n\n\n<p>Ilmaston l\u00e4mpeneminen uhkaa vakavasti planeettaamme ja sen my\u00f6t\u00e4 meit\u00e4 kaikkia.<\/p>\n\n\n\n<p>Tied\u00e4t hyvin, ett\u00e4 pelon ja toivottomuuden valtaan antatuminen ei tuo ratkaisua.<\/p>\n\n\n\n<p>Mit\u00e4 aiot tehd\u00e4 ?<\/p>\n\n\n\n<h5 class=\"wp-block-heading\"><em>Tapaamisiin 2. helmikuuta 2026 &#8211; (2\/5) viestin merkeiss\u00e4<\/em><\/h5>\n\n\n\n<hr class=\"wp-block-separator aligncenter has-alpha-channel-opacity is-style-wide\"\/>\n\t\t\t\t\t\t<\/div><!-- .entry-content -->\n\t\t\t\t\t<\/div><!-- wp-show-posts-inner --><div class=\"wpsp-clear\"><\/div><\/article><article class=\" wp-show-posts-single wpsp-clearfix post-1031 post type-post status-publish format-standard hentry category-message-2-suomi category-suomi\" itemtype=\"http:\/\/schema.org\/CreativeWork\" itemscope><div class=\"wp-show-posts-inner\" style=\"\">\t\t\t\t\t\t<div class=\"wp-show-posts-entry-content\" itemprop=\"text\">\n\t\t\t\t\t\t\t\n<h4 class=\"wp-block-heading\" id=\"[object]\"><em>Viesti 2 : 2. helmikuuta 2026<\/em><\/h4>\n\n\n\n<p>Pahinta olisi antautua moninaisten, ihmiskunnan aikaansaamien, ongelmien edess\u00e4 ja j\u00e4\u00e4d\u00e4 odottamaan, ett\u00e4 toiset tulevat ne ratkaisemaan.<\/p>\n\n\n\n<p>P\u00e4invastoin, niinkuin aluksessa myrskyisell\u00e4 merell\u00e4, jokaisella on oma tarke\u00e4 teht\u00e4v\u00e4ns\u00e4, me kaikki olemme vastuussa.<\/p>\n\n\n\n<p>Antautumisen sijasta panemme jokainen rohkeutemme likoon.<\/p>\n\n\n\n<h5 class=\"wp-block-heading\" id=\"[object]\"><em>Seuraava viesti (3\/5) : 3<em>1. <\/em>Maaliskuu<\/em> <em><em>2026<\/em><\/em><\/h5>\n\n\n\n<hr class=\"wp-block-separator aligncenter has-alpha-channel-opacity is-style-wide\"\/>\n\t\t\t\t\t\t<\/div><!-- .entry-content -->\n\t\t\t\t\t<\/div><!-- wp-show-posts-inner --><div class=\"wpsp-clear\"><\/div><\/article><article class=\" wp-show-posts-single wpsp-clearfix post-1033 post type-post status-publish format-standard hentry category-message-3-suomi category-suomi\" itemtype=\"http:\/\/schema.org\/CreativeWork\" itemscope><div class=\"wp-show-posts-inner\" style=\"\">\t\t\t\t\t\t<div class=\"wp-show-posts-entry-content\" itemprop=\"text\">\n\t\t\t\t\t\t\t\n<h4 class=\"wp-block-heading\"><em>Viesti 3 : 31. Maaliskuu<\/em> <em>2026<\/em><\/h4>\n\n\n\n<p>Jos ne ristiriidat, joihin olemme sekaantuneet tai joita joudumme seuraamaan sivusta n\u00e4ytt\u00e4v\u00e4t olevan ilman ratkaisua, jos luonnonvarat maapallollamme n\u00e4ytt\u00e4v\u00e4t ehtyv\u00e4n, meill\u00e4 on viel\u00e4 k\u00e4yt\u00f6ss\u00e4mme oman salaisen puutarhamme voimat. Meiss\u00e4 kaikissa on k\u00e4tketty\u00e4 rikkautta.<\/p>\n\n\n\n<p>Hetki sen hy\u00f6dynt\u00e4miseen on koittanut. Jokaisella meist\u00e4 on ainakin yksi avain oven aukaisemiseen, moukari muurin s\u00e4rkemiseen.<\/p>\n\n\n\n<p>Ja meit\u00e4h\u00e4n on miljardeja !<\/p>\n\n\n\n<h5 class=\"wp-block-heading\"><em>Tapaamisiin 14. toukokuuta 2026 (4\/5) viestin merkeiss\u00e4<\/em><\/h5>\n\n\n\n<hr class=\"wp-block-separator aligncenter has-alpha-channel-opacity is-style-wide\"\/>\n\t\t\t\t\t\t<\/div><!-- .entry-content -->\n\t\t\t\t\t<\/div><!-- wp-show-posts-inner --><div class=\"wpsp-clear\"><\/div><\/article><\/section><!-- .wp-show-posts -->\n","protected":false},"excerpt":{"rendered":"","protected":false},"author":1,"featured_media":0,"parent":0,"menu_order":0,"comment_status":"closed","ping_status":"closed","template":"","meta":{"site-sidebar-layout":"default","site-content-layout":"default","ast-global-header-display":"","ast-main-header-display":"","ast-hfb-above-header-display":"","ast-hfb-below-header-display":"","ast-hfb-mobile-header-display":"","site-post-title":"disabled","ast-breadcrumbs-content":"","ast-featured-img":"","footer-sml-layout":"","theme-transparent-header-meta":"","adv-header-id-meta":"","stick-header-meta":"","header-above-stick-meta":"","header-main-stick-meta":"","header-below-stick-meta":"","footnotes":""},"class_list":["post-340","page","type-page","status-publish","hentry"],"_links":{"self":[{"href":"https:\/\/couragecourage.net\/index.php\/wp-json\/wp\/v2\/pages\/340","targetHints":{"allow":["GET"]}}],"collection":[{"href":"https:\/\/couragecourage.net\/index.php\/wp-json\/wp\/v2\/pages"}],"about":[{"href":"https:\/\/couragecourage.net\/index.php\/wp-json\/wp\/v2\/types\/page"}],"author":[{"embeddable":true,"href":"https:\/\/couragecourage.net\/index.php\/wp-json\/wp\/v2\/users\/1"}],"replies":[{"embeddable":true,"href":"https:\/\/couragecourage.net\/index.php\/wp-json\/wp\/v2\/comments?post=340"}],"version-history":[{"count":1,"href":"https:\/\/couragecourage.net\/index.php\/wp-json\/wp\/v2\/pages\/340\/revisions"}],"predecessor-version":[{"id":341,"href":"https:\/\/couragecourage.net\/index.php\/wp-json\/wp\/v2\/pages\/340\/revisions\/341"}],"wp:attachment":[{"href":"https:\/\/couragecourage.net\/index.php\/wp-json\/wp\/v2\/media?parent=340"}],"curies":[{"name":"wp","href":"https:\/\/api.w.org\/{rel}","templated":true}]}}