{"id":334,"date":"2022-12-28T16:26:45","date_gmt":"2022-12-28T15:26:45","guid":{"rendered":"http:\/\/couragecourage.net\/?page_id=334"},"modified":"2023-01-21T17:05:55","modified_gmt":"2023-01-21T16:05:55","slug":"slovensky","status":"publish","type":"page","link":"https:\/\/couragecourage.net\/index.php\/slovensky\/","title":{"rendered":"Slovensky"},"content":{"rendered":"<style>.wp-show-posts-columns#wpsp-333 {margin-left: -2em; }.wp-show-posts-columns#wpsp-333 .wp-show-posts-inner {margin: 0 0 2em 2em; }<\/style><section id=\"wpsp-333\" class=\" wp-show-posts\" style=\"\"><article class=\" wp-show-posts-single wpsp-clearfix post-331 post type-post status-publish format-standard hentry category-message-1-slovensky category-slovensky\" itemtype=\"http:\/\/schema.org\/CreativeWork\" itemscope><div class=\"wp-show-posts-inner\" style=\"\">\t\t\t\t\t\t<div class=\"wp-show-posts-entry-content\" itemprop=\"text\">\n\t\t\t\t\t\t\t\n<figure class=\"wp-block-image size-full\"><img loading=\"lazy\" decoding=\"async\" width=\"120\" height=\"80\" src=\"http:\/\/couragecourage.net\/wp-content\/uploads\/2023\/04\/Slovakia.png\" alt=\"\" class=\"wp-image-1558\"\/><\/figure>\n\n\n\n<h3 class=\"wp-block-heading\"><em>Prebudit&#8217; !<\/em><\/h3>\n\n\n\n<h4 class=\"wp-block-heading\">Zem je na\u0161\u00edm kor\u00e1bom, nesp\u00e1\u013eme ho !<\/h4>\n\n\n\n<h4 class=\"wp-block-heading\">T\u00e1to str\u00e1nka je pozvan\u00edm kona\u0165 slobodne. Sme v na\u0161ej du\u0161i a svedom\u00ed pripraven\u00ed vykona\u0165 nie\u010do nezi\u0161tne pre ochranu sveta, bez toho, aby sme sa t\u00fdm komuko\u013evek zodpovedali ?<\/h4>\n\n\n\n<hr class=\"wp-block-separator aligncenter has-alpha-channel-opacity is-style-wide\"\/>\n\n\n\n<h4 class=\"wp-block-heading\"><em>ROK\u00a019 &#8211; Spr\u00e1va 1 : 21 decembra 2025<\/em><\/h4>\n\n\n\n<p>Dobr\u00fd de\u0148 !<\/p>\n\n\n\n<p>\u010co urob\u00edme ?<\/p>\n\n\n\n<p>V priebehu nieko\u013ek\u00fdch desa\u0165ro\u010d\u00ed sa na\u0161a Zem stala akoby dedinou. Ka\u017ed\u00fd sa m\u00f4\u017ee dozvedie\u0165, \u010do sa deje na jej druhom konci. Ka\u017ed\u00fd m\u00f4\u017ee stretn\u00fa\u0165 obyvate\u013ea poch\u00e1dzaj\u00faceho z inej \u201e\u0161tvrte&#8221; (krajiny, kontinentu).<\/p>\n\n\n\n<p>Rozdiely v \u017eivotnej \u00farovni s\u00fa \u010dasto zdrojom konfliktov. Kult\u00farne rozdiely s\u00fa s\u00edce obohacuj\u00face, av\u0161ak i tie b\u00fdvaj\u00fa zdrojom pre konflikt.<\/p>\n\n\n\n<p>Glob\u00e1lne otep\u013eovanie je pre samotn\u00fa Zem i ka\u017ed\u00e9ho z n\u00e1s rovnak\u00fdm nebezpe\u010denstvom ako i my samy.Pod\u013eahn\u00fa\u0165 strachu, \u010di zbabelosti, vie ka\u017ed\u00fd, nie je najlep\u0161\u00edm rie\u0161en\u00edm.<\/p>\n\n\n\n<p>\u010co urob\u00edme ?<\/p>\n\n\n\n<h5 class=\"wp-block-heading\"><em>Najbli\u017e\u0161ie stretnutie 2. febru\u00e1ra 2026 pri spr\u00e1ve \u010d.2<\/em>\/5<\/h5>\n\n\n\n<hr class=\"wp-block-separator aligncenter has-alpha-channel-opacity is-style-wide\"\/>\n\t\t\t\t\t\t<\/div><!-- .entry-content -->\n\t\t\t\t\t<\/div><!-- wp-show-posts-inner --><div class=\"wpsp-clear\"><\/div><\/article><article class=\" wp-show-posts-single wpsp-clearfix post-1010 post type-post status-publish format-standard hentry category-message-2-slovensky category-slovensky\" itemtype=\"http:\/\/schema.org\/CreativeWork\" itemscope><div class=\"wp-show-posts-inner\" style=\"\">\t\t\t\t\t\t<div class=\"wp-show-posts-entry-content\" itemprop=\"text\">\n\t\t\t\t\t\t\t\n<h4 class=\"wp-block-heading\" id=\"[object]\"><em>Spr\u00e1va 2 : 2. febru\u00e1r 2026<\/em><\/h4>\n\n\n\n<p>Kapitulova\u0165 pred rozli\u010dn\u00fdmi probl\u00e9mami, ktor\u00e9 sa dnes \u013eudstvu predkladaj\u00fa, alebo \u010daka\u0165 rie\u0161enie od druh\u00fdch, by bolo najhor\u0161ie.<\/p>\n\n\n\n<p>Av\u0161ak, rovnako ako na kor\u00e1be v b\u00farke, na otvorenom mori, ka\u017ed\u00fd m\u00e1 svoju \u00falohu. Sme solid\u00e1rni.<\/p>\n\n\n\n<p>Nesieme v\u0161etci svoju \u010das\u0165 zodpovednosti. Namiesto toho, aby sme sa vzd\u00e1vali, mus\u00edme sa chopi\u0165 na\u0161ej odvahy.<\/p>\n\n\n\n<h5 class=\"wp-block-heading\" id=\"[object]\"><em>Najbli\u017e\u0161ie stretnutie 31. marec 2026 pri spr\u00e1ve \u010d.3\/5<\/em><\/h5>\n\n\n\n<hr class=\"wp-block-separator aligncenter has-alpha-channel-opacity is-style-wide\"\/>\n\t\t\t\t\t\t<\/div><!-- .entry-content -->\n\t\t\t\t\t<\/div><!-- wp-show-posts-inner --><div class=\"wpsp-clear\"><\/div><\/article><article class=\" wp-show-posts-single wpsp-clearfix post-1012 post type-post status-publish format-standard hentry category-message-3-slovensky category-slovensky\" itemtype=\"http:\/\/schema.org\/CreativeWork\" itemscope><div class=\"wp-show-posts-inner\" style=\"\">\t\t\t\t\t\t<div class=\"wp-show-posts-entry-content\" itemprop=\"text\">\n\t\t\t\t\t\t\t\n<h4 class=\"wp-block-heading\"><em>Spr\u00e1va \u010d.3 : <em><em>31. <em><em>marec<\/em><\/em><\/em><\/em><\/em> <em><em>2026<\/em><\/em><\/h4>\n\n\n\n<p>Ike\u010f sa zd\u00e1, \u017ee konflikty, ktor\u00fdch sme vedome \u010di nevedome s\u00fa\u010das\u0165ou, s\u00fa nerie\u0161ite\u013en\u00e9, a zdroje plan\u00e9ty sa m\u00ed\u0148aj\u00fa; st\u00e1le m\u00f4\u017eeme n\u00e1js\u0165 svoje vlastn\u00e9 zdroje, tie ktor\u00e9 s\u00fa vna\u0161om vn\u00fatri, v na\u0161ej tajnej z\u00e1hrade. V\u0161etci vsebe m\u00e1me nesmierne bohatstvo.<\/p>\n\n\n\n<p>Nadi\u0161iel \u010das, kedy sa v\u0161etci spolu m\u00f4\u017eeme st\u00fdmto bohatstvom spoji\u0165. Ka\u017ed\u00fd m\u00e1 prinajmen\u0161om jeden k\u013e\u00fa\u010d, ktor\u00fdm otvor\u00ed dvere, \u010di n\u00e1stroj, ktor\u00fdm zbor\u00ed m\u00far.<\/p>\n\n\n\n<p>S\u00fa n\u00e1s miliardy&#8230;<\/p>\n\n\n\n<h5 class=\"wp-block-heading\"><em>Najbli\u017e\u0161ie stretnutie 14. m\u00e1ja 2026 pri spr\u00e1ve \u010d.4<\/em>\/5<\/h5>\n\n\n\n<hr class=\"wp-block-separator aligncenter has-alpha-channel-opacity is-style-wide\"\/>\n\t\t\t\t\t\t<\/div><!-- .entry-content -->\n\t\t\t\t\t<\/div><!-- wp-show-posts-inner --><div class=\"wpsp-clear\"><\/div><\/article><\/section><!-- .wp-show-posts -->\n","protected":false},"excerpt":{"rendered":"","protected":false},"author":1,"featured_media":0,"parent":0,"menu_order":0,"comment_status":"closed","ping_status":"closed","template":"","meta":{"site-sidebar-layout":"default","site-content-layout":"default","ast-global-header-display":"","ast-main-header-display":"","ast-hfb-above-header-display":"","ast-hfb-below-header-display":"","ast-hfb-mobile-header-display":"","site-post-title":"disabled","ast-breadcrumbs-content":"","ast-featured-img":"","footer-sml-layout":"","theme-transparent-header-meta":"","adv-header-id-meta":"","stick-header-meta":"","header-above-stick-meta":"","header-main-stick-meta":"","header-below-stick-meta":"","footnotes":""},"class_list":["post-334","page","type-page","status-publish","hentry"],"_links":{"self":[{"href":"https:\/\/couragecourage.net\/index.php\/wp-json\/wp\/v2\/pages\/334","targetHints":{"allow":["GET"]}}],"collection":[{"href":"https:\/\/couragecourage.net\/index.php\/wp-json\/wp\/v2\/pages"}],"about":[{"href":"https:\/\/couragecourage.net\/index.php\/wp-json\/wp\/v2\/types\/page"}],"author":[{"embeddable":true,"href":"https:\/\/couragecourage.net\/index.php\/wp-json\/wp\/v2\/users\/1"}],"replies":[{"embeddable":true,"href":"https:\/\/couragecourage.net\/index.php\/wp-json\/wp\/v2\/comments?post=334"}],"version-history":[{"count":1,"href":"https:\/\/couragecourage.net\/index.php\/wp-json\/wp\/v2\/pages\/334\/revisions"}],"predecessor-version":[{"id":335,"href":"https:\/\/couragecourage.net\/index.php\/wp-json\/wp\/v2\/pages\/334\/revisions\/335"}],"wp:attachment":[{"href":"https:\/\/couragecourage.net\/index.php\/wp-json\/wp\/v2\/media?parent=334"}],"curies":[{"name":"wp","href":"https:\/\/api.w.org\/{rel}","templated":true}]}}