{"id":328,"date":"2022-12-28T16:22:55","date_gmt":"2022-12-28T15:22:55","guid":{"rendered":"http:\/\/couragecourage.net\/?page_id=328"},"modified":"2023-01-21T17:05:40","modified_gmt":"2023-01-21T16:05:40","slug":"romana","status":"publish","type":"page","link":"https:\/\/couragecourage.net\/index.php\/romana\/","title":{"rendered":"Romana"},"content":{"rendered":"<style>.wp-show-posts-columns#wpsp-327 {margin-left: -2em; }.wp-show-posts-columns#wpsp-327 .wp-show-posts-inner {margin: 0 0 2em 2em; }<\/style><section id=\"wpsp-327\" class=\" wp-show-posts\" style=\"\"><article class=\" wp-show-posts-single wpsp-clearfix post-325 post type-post status-publish format-standard hentry category-message-1-romana category-romana\" itemtype=\"http:\/\/schema.org\/CreativeWork\" itemscope><div class=\"wp-show-posts-inner\" style=\"\">\t\t\t\t\t\t<div class=\"wp-show-posts-entry-content\" itemprop=\"text\">\n\t\t\t\t\t\t\t\n<figure class=\"wp-block-image size-full\"><img loading=\"lazy\" decoding=\"async\" width=\"120\" height=\"80\" src=\"http:\/\/couragecourage.net\/wp-content\/uploads\/2023\/04\/Romania.png\" alt=\"\" class=\"wp-image-1556\"\/><\/figure>\n\n\n\n<h4 class=\"wp-block-heading\">S\u0103 ne trezim : P\u0103m\u00e2ntul este nava noastr\u0103, haide\u021bi s\u0103 nu o distrugem !Acest site web reune\u0219te pe toti cei care vor s\u0103 ac\u021bioneze in deplin\u0103 libertate si cuno\u0219tin\u021b\u0103 de cauz\u0103.Oare suntem noi preg\u0103ti\u021bi ra\u021bional \u0219i spiritual s\u0103 protej\u0103m \u00een mod firesc lumea \u00een care tr\u0103im ?<\/h4>\n\n\n\n<hr class=\"wp-block-separator aligncenter has-alpha-channel-opacity is-style-wide\"\/>\n\n\n\n<h4 class=\"wp-block-heading\"><em>Mesajul 1 : 21 decembrie 2025<\/em><\/h4>\n\n\n\n<p>Salutare lume,Ce putem face ?<\/p>\n\n\n\n<p>\u00cen doar c\u00e2teva decenii, P\u0103m\u00e2ntul nostru e asemeni unui sat. Fiecare dintre noi poate \u0219ti ce se int\u00e2mpl\u0103 \u00een cel\u0103lalt col\u021b de s\u0103tuc. Fiecare se poate int\u00e2lni cu un nou venit din alt &#8220;cartier&#8221; fie el \u0219i o \u021bar\u0103 sau un continent.<\/p>\n\n\n\n<p>\u00cen zilele noastre, nivelul de trai e de cele mai multe ori un subiect contradictoriu. Cum de altfel sunt si diferen\u021bele culturale care \u00een plus sunt surs\u0103 de bog\u0103\u021bie interioar\u0103.<\/p>\n\n\n\n<p>\u00cenc\u0103lzirea global\u0103 amenin\u021b\u0103 intreaga planet\u0103 pun\u00e2ndu-ne \u0219i pe noi \u00een\u0219ine \u00een pericol. S\u0103 renun\u021b\u0103m pe motiv de fric\u0103, descurajare sau nep\u0103sare nu este o solu\u021bie.<\/p>\n\n\n\n<p>Ce o s\u0103 facem ?<\/p>\n\n\n\n<h5 class=\"wp-block-heading\"><em>Urmatoarea mesajul (2\/5) : 2 februarie 2026<\/em><\/h5>\n\n\n\n<hr class=\"wp-block-separator aligncenter has-alpha-channel-opacity is-style-wide\"\/>\n\t\t\t\t\t\t<\/div><!-- .entry-content -->\n\t\t\t\t\t<\/div><!-- wp-show-posts-inner --><div class=\"wpsp-clear\"><\/div><\/article><article class=\" wp-show-posts-single wpsp-clearfix post-856 post type-post status-publish format-standard hentry category-message-2-romana category-romana\" itemtype=\"http:\/\/schema.org\/CreativeWork\" itemscope><div class=\"wp-show-posts-inner\" style=\"\">\t\t\t\t\t\t<div class=\"wp-show-posts-entry-content\" itemprop=\"text\">\n\t\t\t\t\t\t\t\n<h4 class=\"wp-block-heading\"><em>Mesajul 2 : 2 februarie 2026<\/em><\/h4>\n\n\n\n<p>\u00cen fa\u021ba multitudinii de probleme cu care se confrunt\u0103 omenirea \u00een aceste momente, cea mai \u00eengrijor\u0103toare e lipsa de implicare a\u0219tept\u00e2nd ca rezolvarea sa vin\u0103 din alt\u0103 parte.<\/p>\n\n\n\n<p>\u00censa dac\u0103 ne g\u00e2ndim la nava ce r\u0103t\u0103ce\u0219te \u00een mare pe timp de furtun\u0103, realiz\u0103m de fapt ca fiecare membru particip\u0103 la salvarea ei. Haide\u021bi s\u0103 fim cu to\u021bii solidari pentru c\u0103 fiecare dintre noi are partea sa de responsabilitate.<\/p>\n\n\n\n<p>\u00cen loc s\u0103 plec\u0103m fruntea, mai bine s\u0103 ne unim \u00eempreun\u0103 for\u021bele.<\/p>\n\n\n\n<h5 class=\"wp-block-heading\"><em><em>Urmatoarea mesajul (3\/5) : <\/em> 31 martie 2026<\/em><\/h5>\n\n\n\n<hr class=\"wp-block-separator aligncenter has-alpha-channel-opacity is-style-wide\"\/>\n\t\t\t\t\t\t<\/div><!-- .entry-content -->\n\t\t\t\t\t<\/div><!-- wp-show-posts-inner --><div class=\"wpsp-clear\"><\/div><\/article><article class=\" wp-show-posts-single wpsp-clearfix post-858 post type-post status-publish format-standard hentry category-message-3-romana category-romana\" itemtype=\"http:\/\/schema.org\/CreativeWork\" itemscope><div class=\"wp-show-posts-inner\" style=\"\">\t\t\t\t\t\t<div class=\"wp-show-posts-entry-content\" itemprop=\"text\">\n\t\t\t\t\t\t\t\n<h4 class=\"wp-block-heading\"><em>Mesajul 3 : <em>31 <em>martie<\/em><\/em><\/em> <em>2026<\/em><\/h4>\n\n\n\n<p>Dac\u0103 unele conflicte \u00een care suntem implica\u021bi sau asist\u0103m sunt aparent f\u0103r\u0103 o solu\u021bie adecvat\u0103, dac\u0103 resursele P\u0103m\u00e2ntului sunt pe cale de diminuare, e cert cu putin\u021b\u0103 c\u0103 ne putem mobiliza propriile resurse, existente deja \u00een gr\u0103dina noastr\u0103 secret\u0103.<\/p>\n\n\n\n<p>Fiecare posed\u0103 resurse pe care nu le-a exploatat vreodat\u0103.<\/p>\n\n\n\n<p>A venit momentul ca fiecare dintre noi s\u0103 le scoat\u0103 la lumin\u0103.<\/p>\n\n\n\n<p>Fiecare de\u021bine cel pu\u021bin o cheie pentru a deschide o u\u0219\u0103 sau cunoa\u0219te un mijloc pentru a d\u0103r\u00e2ma un zid.<\/p>\n\n\n\n<h5 class=\"wp-block-heading\"><em><em>Urmatoarea mesajul (4\/5) : <\/em> 31 mai 2026<\/em><\/h5>\n\n\n\n<hr class=\"wp-block-separator aligncenter has-alpha-channel-opacity is-style-wide\"\/>\n\t\t\t\t\t\t<\/div><!-- .entry-content -->\n\t\t\t\t\t<\/div><!-- wp-show-posts-inner --><div class=\"wpsp-clear\"><\/div><\/article><\/section><!-- .wp-show-posts -->\n","protected":false},"excerpt":{"rendered":"","protected":false},"author":1,"featured_media":0,"parent":0,"menu_order":0,"comment_status":"closed","ping_status":"closed","template":"","meta":{"site-sidebar-layout":"default","site-content-layout":"default","ast-global-header-display":"","ast-main-header-display":"","ast-hfb-above-header-display":"","ast-hfb-below-header-display":"","ast-hfb-mobile-header-display":"","site-post-title":"disabled","ast-breadcrumbs-content":"","ast-featured-img":"","footer-sml-layout":"","theme-transparent-header-meta":"","adv-header-id-meta":"","stick-header-meta":"","header-above-stick-meta":"","header-main-stick-meta":"","header-below-stick-meta":"","footnotes":""},"class_list":["post-328","page","type-page","status-publish","hentry"],"_links":{"self":[{"href":"https:\/\/couragecourage.net\/index.php\/wp-json\/wp\/v2\/pages\/328","targetHints":{"allow":["GET"]}}],"collection":[{"href":"https:\/\/couragecourage.net\/index.php\/wp-json\/wp\/v2\/pages"}],"about":[{"href":"https:\/\/couragecourage.net\/index.php\/wp-json\/wp\/v2\/types\/page"}],"author":[{"embeddable":true,"href":"https:\/\/couragecourage.net\/index.php\/wp-json\/wp\/v2\/users\/1"}],"replies":[{"embeddable":true,"href":"https:\/\/couragecourage.net\/index.php\/wp-json\/wp\/v2\/comments?post=328"}],"version-history":[{"count":1,"href":"https:\/\/couragecourage.net\/index.php\/wp-json\/wp\/v2\/pages\/328\/revisions"}],"predecessor-version":[{"id":329,"href":"https:\/\/couragecourage.net\/index.php\/wp-json\/wp\/v2\/pages\/328\/revisions\/329"}],"wp:attachment":[{"href":"https:\/\/couragecourage.net\/index.php\/wp-json\/wp\/v2\/media?parent=328"}],"curies":[{"name":"wp","href":"https:\/\/api.w.org\/{rel}","templated":true}]}}