{"id":322,"date":"2022-12-28T16:18:42","date_gmt":"2022-12-28T15:18:42","guid":{"rendered":"http:\/\/couragecourage.net\/?page_id=322"},"modified":"2023-01-21T17:05:12","modified_gmt":"2023-01-21T16:05:12","slug":"portugues-brasileiro","status":"publish","type":"page","link":"https:\/\/couragecourage.net\/index.php\/portugues-brasileiro\/","title":{"rendered":"Portugu\u00eas (Brasileiro)"},"content":{"rendered":"<style>.wp-show-posts-columns#wpsp-321 {margin-left: -2em; }.wp-show-posts-columns#wpsp-321 .wp-show-posts-inner {margin: 0 0 2em 2em; }<\/style><section id=\"wpsp-321\" class=\" wp-show-posts\" style=\"\"><article class=\" wp-show-posts-single wpsp-clearfix post-319 post type-post status-publish format-standard hentry category-message-1-portugues-brasileiro category-portugues-brasileiro\" itemtype=\"http:\/\/schema.org\/CreativeWork\" itemscope><div class=\"wp-show-posts-inner\" style=\"\">\t\t\t\t\t\t<div class=\"wp-show-posts-entry-content\" itemprop=\"text\">\n\t\t\t\t\t\t\t\n<figure class=\"wp-block-image size-full\"><img loading=\"lazy\" decoding=\"async\" width=\"120\" height=\"84\" src=\"http:\/\/couragecourage.net\/wp-content\/uploads\/2023\/04\/Brazil.png\" alt=\"\" class=\"wp-image-1537\"\/><\/figure>\n\n\n\n<h3 class=\"wp-block-heading\"><em>Vamos acordar !<\/em><\/h3>\n\n\n\n<h4 class=\"wp-block-heading\">A Terra \u00e9 a nossa embarca\u00e7\u00e3o, n\u00e3o a queimemos !<\/h4>\n\n\n\n<h4 class=\"wp-block-heading\">Este site os convida a agir, com liberdade. Estamos prontos para fazer um gesto de prote\u00e7\u00e3o para o mundo na nossa Alma e na nossa consci\u00eancia, sem precisar prestar contas a qualquer pessoa ?<\/h4>\n\n\n\n<hr class=\"wp-block-separator has-alpha-channel-opacity is-style-wide\"\/>\n\n\n\n<h4 class=\"wp-block-heading\"><em>Ano\u00a019 &#8211; Mensagem 1 : 21 de Dezembro de 2025<\/em><\/h4>\n\n\n\n<p>Bom dia !<\/p>\n\n\n\n<p>O que faremos?<\/p>\n\n\n\n<p>Nas \u00faltimas d\u00e9cadas, nossa Terra se transformou em uma pequena cidade. Cada pessoa pode saber o que acontece no outro lado dessa cidade.<\/p>\n\n\n\n<p>Cada um pode cruzar o caminho de um habitante vindo de outro &#8220;bairro&#8221; (pa\u00eds, continente). As diferen\u00e7as de n\u00edvel de vida s\u00e3o uma fonte de conflitos.<\/p>\n\n\n\n<p>As diferen\u00e7as culturais s\u00e3o enriquecedoras; elas tamb\u00e9m s\u00e3o uma fonte de conflitos.O aquecimento clim\u00e1tico \u00e9 uma grande amea\u00e7a ao pr\u00f3prio planeta, assim como cada um de n\u00f3s.<\/p>\n\n\n\n<p>Deixar-se levar pelo medo, pela apatia, todos imaginam n\u00e3o ser a solu\u00e7\u00e3o ideal.<\/p>\n\n\n\n<p>O que faremos?<\/p>\n\n\n\n<h5 class=\"wp-block-heading\"><em>Pr\u00f3ximo mensagem (2\/5) : 2 de Fevereiro de 2026<\/em><\/h5>\n\n\n\n<hr class=\"wp-block-separator aligncenter has-alpha-channel-opacity is-style-wide\"\/>\n\t\t\t\t\t\t<\/div><!-- .entry-content -->\n\t\t\t\t\t<\/div><!-- wp-show-posts-inner --><div class=\"wpsp-clear\"><\/div><\/article><article class=\" wp-show-posts-single wpsp-clearfix post-811 post type-post status-publish format-standard hentry category-message-2-portugues-brasileiro category-portugues-brasileiro\" itemtype=\"http:\/\/schema.org\/CreativeWork\" itemscope><div class=\"wp-show-posts-inner\" style=\"\">\t\t\t\t\t\t<div class=\"wp-show-posts-entry-content\" itemprop=\"text\">\n\t\t\t\t\t\t\t\n<h4 class=\"wp-block-heading\"><em>Mensagem 2 : 2 de Fevereiro de 2026<\/em><\/h4>\n\n\n\n<p>Diante dos m\u00faltiplos problemas que a humanidade enfrenta hoje, a pior coisa seria desistir, esperar que a solu\u00e7\u00e3o venha s\u00f3 dos outros.<\/p>\n\n\n\n<p>Ora, tal como uma embarca\u00e7\u00e3o sob uma tempestade, no meio do mar, cada um tem um papel a cumprir.Todos n\u00f3s somos solid\u00e1rios.<\/p>\n\n\n\n<p>Todos n\u00f3s temos uma parte da responsabilidade.<\/p>\n\n\n\n<p>Em vez de cruzar os bra\u00e7os, n\u00f3s buscamos contar com sua coragem.<\/p>\n\n\n\n<h5 class=\"wp-block-heading\"><em><em>Pr\u00f3ximo mensagem (3\/5) :<\/em> 31 de<\/em> <em>Mar\u00e7o de 2026<\/em><\/h5>\n\n\n\n<hr class=\"wp-block-separator aligncenter has-alpha-channel-opacity is-style-wide\"\/>\n\t\t\t\t\t\t<\/div><!-- .entry-content -->\n\t\t\t\t\t<\/div><!-- wp-show-posts-inner --><div class=\"wpsp-clear\"><\/div><\/article><article class=\" wp-show-posts-single wpsp-clearfix post-813 post type-post status-publish format-standard hentry category-message-3-portugues-brasileiro category-portugues-brasileiro\" itemtype=\"http:\/\/schema.org\/CreativeWork\" itemscope><div class=\"wp-show-posts-inner\" style=\"\">\t\t\t\t\t\t<div class=\"wp-show-posts-entry-content\" itemprop=\"text\">\n\t\t\t\t\t\t\t\n<h4 class=\"wp-block-heading\"><em>Mensagem 3 : <em>31 de <em>Mar\u00e7o<\/em><\/em><\/em><em> 2026<\/em><\/h4>\n\n\n\n<p>Se os conflitos nos quais nos estamos envolvidos, e aos quais nos assistimos nos parececem sem solu\u00e7\u00e3o ; se as reservas da terra parecem diminu\u00efr, nos podemos mobilisar as nossas reservas proprias, aquelas do nosso jardim secreto.<\/p>\n\n\n\n<p>Nos possu\u00efmos todos em nos riquezas inexploradas.<\/p>\n\n\n\n<p>Chegou o momento em que todos em conjunto devemos explorar e utilisar essas riquezas interiores.<\/p>\n\n\n\n<p>Cada um de nos possui ao menos uma chave que abrir\u00e0 uma porta, uma ferramenta que derrubar\u00e0 um muro.<\/p>\n\n\n\n<p>Ora, nos somos milh\u00f4es&#8230;<\/p>\n\n\n\n<h5 class=\"wp-block-heading\"><em><em>Pr\u00f3ximo mensagem (4\/5) :<\/em> 14 de Maio de 2026<\/em><\/h5>\n\n\n\n<hr class=\"wp-block-separator aligncenter has-alpha-channel-opacity is-style-wide\"\/>\n\t\t\t\t\t\t<\/div><!-- .entry-content -->\n\t\t\t\t\t<\/div><!-- wp-show-posts-inner --><div class=\"wpsp-clear\"><\/div><\/article><\/section><!-- .wp-show-posts -->\n","protected":false},"excerpt":{"rendered":"","protected":false},"author":1,"featured_media":0,"parent":0,"menu_order":0,"comment_status":"closed","ping_status":"closed","template":"","meta":{"site-sidebar-layout":"default","site-content-layout":"default","ast-global-header-display":"","ast-main-header-display":"","ast-hfb-above-header-display":"","ast-hfb-below-header-display":"","ast-hfb-mobile-header-display":"","site-post-title":"disabled","ast-breadcrumbs-content":"","ast-featured-img":"","footer-sml-layout":"","theme-transparent-header-meta":"","adv-header-id-meta":"","stick-header-meta":"","header-above-stick-meta":"","header-main-stick-meta":"","header-below-stick-meta":"","footnotes":""},"class_list":["post-322","page","type-page","status-publish","hentry"],"_links":{"self":[{"href":"https:\/\/couragecourage.net\/index.php\/wp-json\/wp\/v2\/pages\/322","targetHints":{"allow":["GET"]}}],"collection":[{"href":"https:\/\/couragecourage.net\/index.php\/wp-json\/wp\/v2\/pages"}],"about":[{"href":"https:\/\/couragecourage.net\/index.php\/wp-json\/wp\/v2\/types\/page"}],"author":[{"embeddable":true,"href":"https:\/\/couragecourage.net\/index.php\/wp-json\/wp\/v2\/users\/1"}],"replies":[{"embeddable":true,"href":"https:\/\/couragecourage.net\/index.php\/wp-json\/wp\/v2\/comments?post=322"}],"version-history":[{"count":1,"href":"https:\/\/couragecourage.net\/index.php\/wp-json\/wp\/v2\/pages\/322\/revisions"}],"predecessor-version":[{"id":323,"href":"https:\/\/couragecourage.net\/index.php\/wp-json\/wp\/v2\/pages\/322\/revisions\/323"}],"wp:attachment":[{"href":"https:\/\/couragecourage.net\/index.php\/wp-json\/wp\/v2\/media?parent=322"}],"curies":[{"name":"wp","href":"https:\/\/api.w.org\/{rel}","templated":true}]}}