{"id":298,"date":"2022-12-28T16:04:49","date_gmt":"2022-12-28T15:04:49","guid":{"rendered":"http:\/\/couragecourage.net\/?page_id=298"},"modified":"2023-01-02T10:30:25","modified_gmt":"2023-01-02T09:30:25","slug":"italiano","status":"publish","type":"page","link":"https:\/\/couragecourage.net\/index.php\/italiano\/","title":{"rendered":"Italiano"},"content":{"rendered":"<style>.wp-show-posts-columns#wpsp-297 {margin-left: -2em; }.wp-show-posts-columns#wpsp-297 .wp-show-posts-inner {margin: 0 0 2em 2em; }<\/style><section id=\"wpsp-297\" class=\" wp-show-posts\" style=\"\"><article class=\" wp-show-posts-single wpsp-clearfix post-295 post type-post status-publish format-standard hentry category-message-1-italiano category-italiano\" itemtype=\"http:\/\/schema.org\/CreativeWork\" itemscope><div class=\"wp-show-posts-inner\" style=\"\">\t\t\t\t\t\t<header class=\"wp-show-posts-entry-header\">\n\t\t\t\t\t\t\t\t\t\t\t\t\t<\/header><!-- .entry-header -->\n\t\t\t\t\t\t\t\t\t\t\t<div class=\"wp-show-posts-entry-content\" itemprop=\"text\">\n\t\t\t\t\t\t\t\n<figure class=\"wp-block-image size-full\"><img loading=\"lazy\" decoding=\"async\" width=\"120\" height=\"80\" src=\"http:\/\/couragecourage.net\/wp-content\/uploads\/2023\/04\/Italy.png\" alt=\"\" class=\"wp-image-1549\"\/><\/figure>\n\n\n\n<h3 class=\"wp-block-heading\"><em>Svegliarci !<\/em><\/h3>\n\n\n\n<h4 class=\"wp-block-heading\">La Terra \u00e8 il nostro vascello, non lo bruciamo !<\/h4>\n\n\n\n<h4 class=\"wp-block-heading\">Questo sito \u00e8 un invito ad agire in tutta libert\u00e0.<\/h4>\n\n\n\n<h4 class=\"wp-block-heading\">Siamo pronti a fare un gesto di protezione per il mondo, nella nostra anima e coscienza, senza renderne conto a chiunque sia ?<\/h4>\n\n\n\n<hr class=\"wp-block-separator aligncenter has-alpha-channel-opacity is-style-wide\"\/>\n\n\n\n<h4 class=\"wp-block-heading\"><em>Anno\u00a019 &#8211; Messaggio 1 : Il 21 Dicembre 2025<\/em><\/h4>\n\n\n\n<p>Ciao !<\/p>\n\n\n\n<p>Cosa si deve fare ?<\/p>\n\n\n\n<p>In qualche decennio, il nostro pianeta&nbsp; \u00e8 diventato un villagio. Ognuno pu\u00f2 sapere quello che succede dall&#8217;altra parte di questo villagio. Ognuno pu\u00f2 incontrare un abitante venuto da un altro &#8220;quartiere&#8221; (paese, continente).<\/p>\n\n\n\n<p>Le differenze di livello di vita sono all&#8217;origine del conflitto. Le differenze culturali sono arrichirenti ; ma anche all&#8217;origine del conflitto.<\/p>\n\n\n\n<p>Il riscaldamento climatico minaccia il pianeta, come ognuno di noi, con grandi pericoli. Cedere alla paura, allo scoraggiamento, ognuno sa che non&nbsp;\u00e8 la buona soluzione.<\/p>\n\n\n\n<p>Cosa si deve fare ?<\/p>\n\n\n\n<h5 class=\"wp-block-heading\"><em>Prossimo messaggio (2\/5) :<\/em> <em>il 2 di Febbraio 2026<\/em><\/h5>\n\n\n\n<hr class=\"wp-block-separator aligncenter has-alpha-channel-opacity is-style-wide\"\/>\n\t\t\t\t\t\t<\/div><!-- .entry-content -->\n\t\t\t\t\t<\/div><!-- wp-show-posts-inner --><div class=\"wpsp-clear\"><\/div><\/article><article class=\" wp-show-posts-single wpsp-clearfix post-622 post type-post status-publish format-standard hentry category-message-2-italiano category-italiano\" itemtype=\"http:\/\/schema.org\/CreativeWork\" itemscope><div class=\"wp-show-posts-inner\" style=\"\">\t\t\t\t\t\t<header class=\"wp-show-posts-entry-header\">\n\t\t\t\t\t\t\t\t\t\t\t\t\t<\/header><!-- .entry-header -->\n\t\t\t\t\t\t\t\t\t\t\t<div class=\"wp-show-posts-entry-content\" itemprop=\"text\">\n\t\t\t\t\t\t\t\n<h4 class=\"wp-block-heading\" id=\"[object]\"><em>Messaggio 2 : Il 2 di Febbraio 2026<\/em><\/h4>\n\n\n\n<p>Davanti alla multitudine di problemi che si pongono oggi all&#8217; umanit\u00e0, la peggiore soluzione sarrebe capitulare, aspettare che la soluzione venga solo dagli altri.<\/p>\n\n\n\n<p>Ma, come una nave nella tempesta, in alto mare, ognuno ha la sua parte da recitare.<\/p>\n\n\n\n<p>Siamo tutti solidari. Abbiamo tutti la nostra parte di responsabilit\u00e0.<\/p>\n\n\n\n<p>Inveci di abbassare le braccia, faremo tutti appello al nostro coraggio.<\/p>\n\n\n\n<h5 class=\"wp-block-heading\" id=\"[object]\"><em>Prossimo messaggio (3\/5) : <em>il 31 di <\/em>Marzo <em>2026<\/em><\/em><\/h5>\n\n\n\n<hr class=\"wp-block-separator aligncenter has-alpha-channel-opacity is-style-wide\"\/>\n\t\t\t\t\t\t<\/div><!-- .entry-content -->\n\t\t\t\t\t<\/div><!-- wp-show-posts-inner --><div class=\"wpsp-clear\"><\/div><\/article><article class=\" wp-show-posts-single wpsp-clearfix post-624 post type-post status-publish format-standard hentry category-message-3-italiano category-italiano\" itemtype=\"http:\/\/schema.org\/CreativeWork\" itemscope><div class=\"wp-show-posts-inner\" style=\"\">\t\t\t\t\t\t<header class=\"wp-show-posts-entry-header\">\n\t\t\t\t\t\t\t\t\t\t\t\t\t<\/header><!-- .entry-header -->\n\t\t\t\t\t\t\t\t\t\t\t<div class=\"wp-show-posts-entry-content\" itemprop=\"text\">\n\t\t\t\t\t\t\t\n<h4 class=\"wp-block-heading\"><em>Messaggio 3 : Il 31 di Marzo 2026<\/em><\/h4>\n\n\n\n<p>Se i conflitti nei quali siamo coinvolti, o ai quali assistiamo, sembrano senza soluzione: se le risorse del pianeta sembrano diminuire, possiamo mobilitare le nostre risorse, quelle del nostro giardino segreto. Abbiamo tutti in noi delle ricchezze non sfruttate.<\/p>\n\n\n\n<p>E&#8217; venuto il momento in cui tutti insieme possiamo ricollegarci ad esse. Ciascuno ha almeno una chiave che aprir\u00e0 una porta, un attrezzo che abbatter\u00e0 un muro.<\/p>\n\n\n\n<p>Ora siamo dei miliardi&#8230;..<\/p>\n\n\n\n<h5 class=\"wp-block-heading\"><em><em>Prossimo messaggio (4\/5) :<\/em> il 14 di Maggio 2026<\/em><\/h5>\n\n\n\n<hr class=\"wp-block-separator aligncenter has-alpha-channel-opacity is-style-wide\"\/>\n\t\t\t\t\t\t<\/div><!-- .entry-content -->\n\t\t\t\t\t<\/div><!-- wp-show-posts-inner --><div class=\"wpsp-clear\"><\/div><\/article><\/section><!-- .wp-show-posts -->\n","protected":false},"excerpt":{"rendered":"","protected":false},"author":1,"featured_media":0,"parent":0,"menu_order":0,"comment_status":"closed","ping_status":"closed","template":"","meta":{"site-sidebar-layout":"default","site-content-layout":"default","ast-global-header-display":"","ast-main-header-display":"","ast-hfb-above-header-display":"","ast-hfb-below-header-display":"","ast-hfb-mobile-header-display":"","site-post-title":"disabled","ast-breadcrumbs-content":"","ast-featured-img":"","footer-sml-layout":"","theme-transparent-header-meta":"","adv-header-id-meta":"","stick-header-meta":"","header-above-stick-meta":"","header-main-stick-meta":"","header-below-stick-meta":"","footnotes":""},"class_list":["post-298","page","type-page","status-publish","hentry"],"_links":{"self":[{"href":"https:\/\/couragecourage.net\/index.php\/wp-json\/wp\/v2\/pages\/298","targetHints":{"allow":["GET"]}}],"collection":[{"href":"https:\/\/couragecourage.net\/index.php\/wp-json\/wp\/v2\/pages"}],"about":[{"href":"https:\/\/couragecourage.net\/index.php\/wp-json\/wp\/v2\/types\/page"}],"author":[{"embeddable":true,"href":"https:\/\/couragecourage.net\/index.php\/wp-json\/wp\/v2\/users\/1"}],"replies":[{"embeddable":true,"href":"https:\/\/couragecourage.net\/index.php\/wp-json\/wp\/v2\/comments?post=298"}],"version-history":[{"count":1,"href":"https:\/\/couragecourage.net\/index.php\/wp-json\/wp\/v2\/pages\/298\/revisions"}],"predecessor-version":[{"id":299,"href":"https:\/\/couragecourage.net\/index.php\/wp-json\/wp\/v2\/pages\/298\/revisions\/299"}],"wp:attachment":[{"href":"https:\/\/couragecourage.net\/index.php\/wp-json\/wp\/v2\/media?parent=298"}],"curies":[{"name":"wp","href":"https:\/\/api.w.org\/{rel}","templated":true}]}}