{"id":285,"date":"2022-12-28T15:54:10","date_gmt":"2022-12-28T14:54:10","guid":{"rendered":"http:\/\/couragecourage.net\/?page_id=285"},"modified":"2023-01-02T10:30:01","modified_gmt":"2023-01-02T09:30:01","slug":"espanol","status":"publish","type":"page","link":"https:\/\/couragecourage.net\/index.php\/espanol\/","title":{"rendered":"Espa\u00f1ol"},"content":{"rendered":"<style>.wp-show-posts-columns#wpsp-284 {margin-left: -2em; }.wp-show-posts-columns#wpsp-284 .wp-show-posts-inner {margin: 0 0 2em 2em; }<\/style><section id=\"wpsp-284\" class=\" wp-show-posts\" style=\"\"><article class=\" wp-show-posts-single wpsp-clearfix post-282 post type-post status-publish format-standard hentry category-message-1-espanol category-espanol\" itemtype=\"http:\/\/schema.org\/CreativeWork\" itemscope><div class=\"wp-show-posts-inner\" style=\"\">\t\t\t\t\t\t<header class=\"wp-show-posts-entry-header\">\n\t\t\t\t\t\t\t\t\t\t\t\t\t<\/header><!-- .entry-header -->\n\t\t\t\t\t\t\t\t\t\t\t<div class=\"wp-show-posts-entry-content\" itemprop=\"text\">\n\t\t\t\t\t\t\t\n<h1 class=\"wp-block-heading\"><\/h1>\n\n\n\n<figure class=\"wp-block-image size-full\"><img loading=\"lazy\" decoding=\"async\" width=\"120\" height=\"80\" src=\"http:\/\/couragecourage.net\/wp-content\/uploads\/2023\/04\/Spain.png\" alt=\"\" class=\"wp-image-1545\"\/><\/figure>\n\n\n\n<h3 class=\"wp-block-heading\"><em>Despertarnos !<\/em><\/h3>\n\n\n\n<h4 class=\"wp-block-heading\">La Tierra es nuestra nave, \u00a1 no la quememos !<\/h4>\n\n\n\n<h4 class=\"wp-block-heading\">Esta p\u00e1gina web es una invitaci\u00f3n a actuar en toda libertad.<\/h4>\n\n\n\n<h4 class=\"wp-block-heading\">\u00bf Estamos listos a hacer un gesto de protecci\u00f3n hacia el mundo, en nuestra alma y conciencia, sin dar cuenta a nadie ?<\/h4>\n\n\n\n<hr class=\"wp-block-separator aligncenter has-alpha-channel-opacity is-style-wide\"\/>\n\n\n\n<h4 class=\"wp-block-heading\"><em>A\u00f1o\u00a019 &#8211; Mensaje 1 : El 21 de diciembre del 2025<\/em><\/h4>\n\n\n\n<p>\u00a1 Hola !<\/p>\n\n\n\n<p>\u00bf Qu\u00e9 vamos hacer ?<\/p>\n\n\n\n<p>En el transcurso de solo unas d\u00e9cadas, nuestra Tierra se ha convertido en un pueblo. Cada uno de nosotros puede conocer lo que sucede al otro lado del pueblo. Cada uno de nosotros puede cruzar a alguien que viene de otro &#8220;distrito&#8221; (pa\u00eds, continente).<\/p>\n\n\n\n<p>Las diferencias de nivel de vida son fuente de conflictos. Las diferencias culturales son enriquecedoras ; son tambi\u00e9n fuente de conflictos.<\/p>\n\n\n\n<p>El cambio clim\u00e1tico amenaza al planeta mismo, as\u00ed como a cada uno de nosotros, con grandes peligros. Ceder ante el miedo, ante el desaliento, cada uno de nosotros se da cuenta que \u00e9sta no es la mejor soluci\u00f3n.<\/p>\n\n\n\n<p>\u00bf Qu\u00e9 vamos hacer ?<\/p>\n\n\n\n<h5 class=\"wp-block-heading\"><em><em>Pr\u00f3ximo mensaje (2\/5) :<\/em> 2 de febrero del 2026<\/em><\/h5>\n\n\n\n<hr class=\"wp-block-separator aligncenter has-alpha-channel-opacity is-style-wide\"\/>\n\t\t\t\t\t\t<\/div><!-- .entry-content -->\n\t\t\t\t\t<\/div><!-- wp-show-posts-inner --><div class=\"wpsp-clear\"><\/div><\/article><article class=\" wp-show-posts-single wpsp-clearfix post-547 post type-post status-publish format-standard hentry category-message-2-espanol category-espanol\" itemtype=\"http:\/\/schema.org\/CreativeWork\" itemscope><div class=\"wp-show-posts-inner\" style=\"\">\t\t\t\t\t\t<header class=\"wp-show-posts-entry-header\">\n\t\t\t\t\t\t\t\t\t\t\t\t\t<\/header><!-- .entry-header -->\n\t\t\t\t\t\t\t\t\t\t\t<div class=\"wp-show-posts-entry-content\" itemprop=\"text\">\n\t\t\t\t\t\t\t\n<h4 class=\"wp-block-heading\" id=\"[object]\"><em>Mensaje 2 : El 2 de febrero del 2026<\/em><\/h4>\n\n\n\n<p>Ante la multitud de problemas que confronta la humanidad, lo peor ser\u00eda capitular, esperando que la soluci\u00f3n provenga \u00fanicamente de los dem\u00e1s.<\/p>\n\n\n\n<p>Sin embarco, tal cual un barco en medio de la tempestad, en mar abierto, cada uno de nosotros tiene un rol que asumir. Todos somos solidarios.<\/p>\n\n\n\n<p>Cada uno de nosotros tiene alguna responsabilidad. En lugar de renunciar, cada uno de nosotros debe apelar a su coraje.<\/p>\n\n\n\n<h5 class=\"wp-block-heading\" id=\"[object]\"><em>Pr\u00f3ximo mensaje (3\/5) : 31 de marzo del 2026<\/em><\/h5>\n\n\n\n<hr class=\"wp-block-separator aligncenter has-alpha-channel-opacity is-style-wide\"\/>\n\t\t\t\t\t\t<\/div><!-- .entry-content -->\n\t\t\t\t\t<\/div><!-- wp-show-posts-inner --><div class=\"wpsp-clear\"><\/div><\/article><article class=\" wp-show-posts-single wpsp-clearfix post-549 post type-post status-publish format-standard hentry category-message-3-espanol category-espanol\" itemtype=\"http:\/\/schema.org\/CreativeWork\" itemscope><div class=\"wp-show-posts-inner\" style=\"\">\t\t\t\t\t\t<header class=\"wp-show-posts-entry-header\">\n\t\t\t\t\t\t\t\t\t\t\t\t\t<\/header><!-- .entry-header -->\n\t\t\t\t\t\t\t\t\t\t\t<div class=\"wp-show-posts-entry-content\" itemprop=\"text\">\n\t\t\t\t\t\t\t\n<h4 class=\"wp-block-heading\"><em>Mensage 3 : El 31 de marzo del 2026<\/em><\/h4>\n\n\n\n<p>Si los conflictos en los cuales estamos inmersos, o a los cuales estamos asistiendo, parecen sin soluci\u00f3n; si los recursos del planeta parecen disminuir, podemos movilizar nuestros recursos propios, los de nuestro jard\u00edn secreto. Todos tenemos en nosotros riquezas que nos hemos explotado a\u00fan.<\/p>\n\n\n\n<p>El momento ha venido en que todos juntos nos podemos vincular con ellas. Cada uno de nosotros tiene a lo menos una llave que abrir\u00e1 una puerta, una herramienta que har\u00e1 caer un muro.<\/p>\n\n\n\n<p>Y somos millares !<\/p>\n\n\n\n<h5 class=\"wp-block-heading\"><em><em>Pr\u00f3ximo mensaje (4\/5) :<\/em> 14 de\u00a0mayo del 2026<\/em><\/h5>\n\n\n\n<hr class=\"wp-block-separator aligncenter has-alpha-channel-opacity is-style-wide\"\/>\n\t\t\t\t\t\t<\/div><!-- .entry-content -->\n\t\t\t\t\t<\/div><!-- wp-show-posts-inner --><div class=\"wpsp-clear\"><\/div><\/article><\/section><!-- .wp-show-posts -->\n","protected":false},"excerpt":{"rendered":"","protected":false},"author":1,"featured_media":0,"parent":0,"menu_order":0,"comment_status":"closed","ping_status":"closed","template":"","meta":{"site-sidebar-layout":"default","site-content-layout":"default","ast-global-header-display":"","ast-main-header-display":"","ast-hfb-above-header-display":"","ast-hfb-below-header-display":"","ast-hfb-mobile-header-display":"","site-post-title":"disabled","ast-breadcrumbs-content":"","ast-featured-img":"","footer-sml-layout":"","theme-transparent-header-meta":"","adv-header-id-meta":"","stick-header-meta":"","header-above-stick-meta":"","header-main-stick-meta":"","header-below-stick-meta":"","footnotes":""},"class_list":["post-285","page","type-page","status-publish","hentry"],"_links":{"self":[{"href":"https:\/\/couragecourage.net\/index.php\/wp-json\/wp\/v2\/pages\/285","targetHints":{"allow":["GET"]}}],"collection":[{"href":"https:\/\/couragecourage.net\/index.php\/wp-json\/wp\/v2\/pages"}],"about":[{"href":"https:\/\/couragecourage.net\/index.php\/wp-json\/wp\/v2\/types\/page"}],"author":[{"embeddable":true,"href":"https:\/\/couragecourage.net\/index.php\/wp-json\/wp\/v2\/users\/1"}],"replies":[{"embeddable":true,"href":"https:\/\/couragecourage.net\/index.php\/wp-json\/wp\/v2\/comments?post=285"}],"version-history":[{"count":1,"href":"https:\/\/couragecourage.net\/index.php\/wp-json\/wp\/v2\/pages\/285\/revisions"}],"predecessor-version":[{"id":286,"href":"https:\/\/couragecourage.net\/index.php\/wp-json\/wp\/v2\/pages\/285\/revisions\/286"}],"wp:attachment":[{"href":"https:\/\/couragecourage.net\/index.php\/wp-json\/wp\/v2\/media?parent=285"}],"curies":[{"name":"wp","href":"https:\/\/api.w.org\/{rel}","templated":true}]}}