{"id":279,"date":"2022-12-28T15:51:50","date_gmt":"2022-12-28T14:51:50","guid":{"rendered":"http:\/\/couragecourage.net\/?page_id=279"},"modified":"2023-01-02T10:29:35","modified_gmt":"2023-01-02T09:29:35","slug":"eesti","status":"publish","type":"page","link":"https:\/\/couragecourage.net\/index.php\/eesti\/","title":{"rendered":"Eesti"},"content":{"rendered":"<style>.wp-show-posts-columns#wpsp-278 {margin-left: -2em; }.wp-show-posts-columns#wpsp-278 .wp-show-posts-inner {margin: 0 0 2em 2em; }<\/style><section id=\"wpsp-278\" class=\" wp-show-posts\" style=\"\"><article class=\" wp-show-posts-single wpsp-clearfix post-276 post type-post status-publish format-standard hentry category-message-1-eesti category-eesti\" itemtype=\"http:\/\/schema.org\/CreativeWork\" itemscope><div class=\"wp-show-posts-inner\" style=\"\">\t\t\t\t\t\t<header class=\"wp-show-posts-entry-header\">\n\t\t\t\t\t\t\t\t\t\t\t\t\t<\/header><!-- .entry-header -->\n\t\t\t\t\t\t\t\t\t\t\t<div class=\"wp-show-posts-entry-content\" itemprop=\"text\">\n\t\t\t\t\t\t\t\n<figure class=\"wp-block-image size-full\"><img loading=\"lazy\" decoding=\"async\" width=\"120\" height=\"76\" src=\"http:\/\/couragecourage.net\/wp-content\/uploads\/2023\/04\/Estonia.png\" alt=\"\" class=\"wp-image-1542\"\/><\/figure>\n\n\n\n<h4 class=\"wp-block-heading\">Me oleme k\u00f5ik \u00fches paadis planeedil MAA, \u00e4rgem h\u00e4vitagem teda !&nbsp; See netilehek\u00fclg on k\u00f5igile kes soovivad end v\u00e4ljendada ja tegutseda. Kas oleme oma hinges ja teadvuses valmis tegema midagi planeedi kaitseks ilma et peaksime kellelegi aru andma ?<\/h4>\n\n\n\n<hr class=\"wp-block-separator aligncenter has-alpha-channel-opacity is-style-wide\"\/>\n\n\n\n<h4 class=\"wp-block-heading\"><em>S\u00f5num 1 : 2025.12.21<\/em><\/h4>\n\n\n\n<p>Tervitus !<\/p>\n\n\n\n<p>Mida me teeme ?<\/p>\n\n\n\n<p>M\u00f5ne aastak\u00fcmne jooksul on MAA muutunud \u00fcheks suureks k\u00fclaks. Iga\u00fcks v\u00f5ib teada mis toimub k\u00fcla teises otsas, kohata kedagi sealt tulnut.<\/p>\n\n\n\n<p>Elatustaseme suured erinevused on konfliktide allikaks, samuti kultuurierinevused mis peaksid meid tegelikult rikastama.<\/p>\n\n\n\n<p>Kliimasoojenemine \u00e4hvardab kogu planeeti ja on suureks ohuks iga\u00fchele meist. Hirm ja julgusetus ei too lahendust &#8211; iga\u00fcks meist teab seda.<\/p>\n\n\n\n<p>Mida teha ?<\/p>\n\n\n\n<h5 class=\"wp-block-heading\"><em>J\u00e4rgmine kiri (2\/5) : 2026.02.02<\/em><\/h5>\n\n\n\n<hr class=\"wp-block-separator aligncenter has-alpha-channel-opacity is-style-wide\"\/>\n\t\t\t\t\t\t<\/div><!-- .entry-content -->\n\t\t\t\t\t<\/div><!-- wp-show-posts-inner --><div class=\"wpsp-clear\"><\/div><\/article><article class=\" wp-show-posts-single wpsp-clearfix post-532 post type-post status-publish format-standard hentry category-message-2-eesti category-eesti\" itemtype=\"http:\/\/schema.org\/CreativeWork\" itemscope><div class=\"wp-show-posts-inner\" style=\"\">\t\t\t\t\t\t<header class=\"wp-show-posts-entry-header\">\n\t\t\t\t\t\t\t\t\t\t\t\t\t<\/header><!-- .entry-header -->\n\t\t\t\t\t\t\t\t\t\t\t<div class=\"wp-show-posts-entry-content\" itemprop=\"text\">\n\t\t\t\t\t\t\t\n<h4 class=\"wp-block-heading\"><em>S\u00f5num 2 : 2026.02.02<\/em><\/h4>\n\n\n\n<p>Inimkonna ees on t\u00e4nap\u00e4eval tohutu hulk probleeme, k\u00f5ige halvem on alla anda, oodata lahendust kelleltki teiselt.<\/p>\n\n\n\n<p>Nagu samas paadis tormisel merel on meil iga\u00fchel oma roll t\u00e4ita.<\/p>\n\n\n\n<p>Olgem solidaarsed, v\u00f5tkem julgus kokku tegutseda, sest me oleme k\u00f6ik vastutavad.<\/p>\n\n\n\n<h5 class=\"wp-block-heading\"><em>J\u00e4rgmine kiri <em>(3\/5)<\/em><\/em> <em>: 2026.03.31<\/em><\/h5>\n\n\n\n<hr class=\"wp-block-separator aligncenter has-alpha-channel-opacity is-style-wide\"\/>\n\t\t\t\t\t\t<\/div><!-- .entry-content -->\n\t\t\t\t\t<\/div><!-- wp-show-posts-inner --><div class=\"wpsp-clear\"><\/div><\/article><article class=\" wp-show-posts-single wpsp-clearfix post-535 post type-post status-publish format-standard hentry category-eesti category-message-3-eesti\" itemtype=\"http:\/\/schema.org\/CreativeWork\" itemscope><div class=\"wp-show-posts-inner\" style=\"\">\t\t\t\t\t\t<header class=\"wp-show-posts-entry-header\">\n\t\t\t\t\t\t\t\t\t\t\t\t\t<\/header><!-- .entry-header -->\n\t\t\t\t\t\t\t\t\t\t\t<div class=\"wp-show-posts-entry-content\" itemprop=\"text\">\n\t\t\t\t\t\t\t\n<h4 class=\"wp-block-heading\"><em>S\u00f5num 3 : 2026.03.31<\/em><\/h4>\n\n\n\n<p>Konfliktid kuhu oleme segatud otseselt v\u00f5i kaudselt tunduvad olevat lahendamatud.<\/p>\n\n\n\n<p>Kuid kui planeedi ressursid on ammendatud tuleb meil abi otsida oma salajastest tagavaradest. Iga\u00fchel meist on oma sisemised rikkused, on saabunud moment neid koos kasutada. Iga\u00fchel on mingi salaukse v\u00f5ti v\u00f5i salarelv.<\/p>\n\n\n\n<p>Ja meid on ju kokku miljardeid..<\/p>\n\n\n\n<h5 class=\"wp-block-heading\"><em>J\u00e4rgmine kiri <em>(4\/5)<\/em><\/em> <em>: 2026.05.14<\/em><\/h5>\n\n\n\n<hr class=\"wp-block-separator aligncenter has-alpha-channel-opacity is-style-wide\"\/>\n\t\t\t\t\t\t<\/div><!-- .entry-content -->\n\t\t\t\t\t<\/div><!-- wp-show-posts-inner --><div class=\"wpsp-clear\"><\/div><\/article><\/section><!-- .wp-show-posts -->\n","protected":false},"excerpt":{"rendered":"","protected":false},"author":1,"featured_media":0,"parent":0,"menu_order":0,"comment_status":"closed","ping_status":"closed","template":"","meta":{"site-sidebar-layout":"default","site-content-layout":"default","ast-global-header-display":"","ast-main-header-display":"","ast-hfb-above-header-display":"","ast-hfb-below-header-display":"","ast-hfb-mobile-header-display":"","site-post-title":"disabled","ast-breadcrumbs-content":"","ast-featured-img":"","footer-sml-layout":"","theme-transparent-header-meta":"","adv-header-id-meta":"","stick-header-meta":"","header-above-stick-meta":"","header-main-stick-meta":"","header-below-stick-meta":"","footnotes":""},"class_list":["post-279","page","type-page","status-publish","hentry"],"_links":{"self":[{"href":"https:\/\/couragecourage.net\/index.php\/wp-json\/wp\/v2\/pages\/279","targetHints":{"allow":["GET"]}}],"collection":[{"href":"https:\/\/couragecourage.net\/index.php\/wp-json\/wp\/v2\/pages"}],"about":[{"href":"https:\/\/couragecourage.net\/index.php\/wp-json\/wp\/v2\/types\/page"}],"author":[{"embeddable":true,"href":"https:\/\/couragecourage.net\/index.php\/wp-json\/wp\/v2\/users\/1"}],"replies":[{"embeddable":true,"href":"https:\/\/couragecourage.net\/index.php\/wp-json\/wp\/v2\/comments?post=279"}],"version-history":[{"count":1,"href":"https:\/\/couragecourage.net\/index.php\/wp-json\/wp\/v2\/pages\/279\/revisions"}],"predecessor-version":[{"id":280,"href":"https:\/\/couragecourage.net\/index.php\/wp-json\/wp\/v2\/pages\/279\/revisions\/280"}],"wp:attachment":[{"href":"https:\/\/couragecourage.net\/index.php\/wp-json\/wp\/v2\/media?parent=279"}],"curies":[{"name":"wp","href":"https:\/\/api.w.org\/{rel}","templated":true}]}}