{"id":273,"date":"2022-12-28T15:49:31","date_gmt":"2022-12-28T14:49:31","guid":{"rendered":"http:\/\/couragecourage.net\/?page_id=273"},"modified":"2023-01-02T10:29:21","modified_gmt":"2023-01-02T09:29:21","slug":"deutsch","status":"publish","type":"page","link":"https:\/\/couragecourage.net\/index.php\/deutsch\/","title":{"rendered":"Deutsch"},"content":{"rendered":"<style>.wp-show-posts-columns#wpsp-272 {margin-left: -2em; }.wp-show-posts-columns#wpsp-272 .wp-show-posts-inner {margin: 0 0 2em 2em; }<\/style><section id=\"wpsp-272\" class=\" wp-show-posts\" style=\"\"><article class=\" wp-show-posts-single wpsp-clearfix post-270 post type-post status-publish format-standard hentry category-deutsch category-message-1-deutsch\" itemtype=\"http:\/\/schema.org\/CreativeWork\" itemscope><div class=\"wp-show-posts-inner\" style=\"\">\t\t\t\t\t\t<header class=\"wp-show-posts-entry-header\">\n\t\t\t\t\t\t\t\t\t\t\t\t\t<\/header><!-- .entry-header -->\n\t\t\t\t\t\t\t\t\t\t\t<div class=\"wp-show-posts-entry-content\" itemprop=\"text\">\n\t\t\t\t\t\t\t\n<figure class=\"wp-block-image size-full\"><img loading=\"lazy\" decoding=\"async\" width=\"120\" height=\"72\" src=\"http:\/\/couragecourage.net\/wp-content\/uploads\/2023\/04\/Germany.png\" alt=\"\" class=\"wp-image-1531\"\/><\/figure>\n\n\n\n<p><\/p>\n\n\n\n<h3 class=\"wp-block-heading\"><em>Wecken uns !<\/em><\/h3>\n\n\n\n<h4 class=\"wp-block-heading\">Die Erde ist unser Raumschiff. Zerst\u00f6ren wir es nicht ! Diese Homepage m\u00f6chte euch einladen, zu handeln. F\u00fchlt Euch frei, f\u00fcr die Welt ein Zeichen zu setzen, bewusst und aus ganzen Hertzen ?<\/h4>\n\n\n\n<hr class=\"wp-block-separator aligncenter has-alpha-channel-opacity is-style-wide\"\/>\n\n\n\n<h4 class=\"wp-block-heading\"><em>Jahr\u00a019 &#8211; Mitteilung Nummer 1 : Den 21 Dezember 2025<\/em><\/h4>\n\n\n\n<p>Guten Tag,<\/p>\n\n\n\n<p>Was werden wir tun ?<\/p>\n\n\n\n<p>Binnen einigen Jahrzehnten ist die Erde zu einem Dorf geworden. Jeder kann wissen, was am anderen Ende des Dorfs geschieht. Jeder kann einen Einwohner aus einem anderen &#8220;Viertel&#8221; (Land, Erdteil) treffen.<\/p>\n\n\n\n<p>Die Unterschiede im Lebensstandard f\u00fchren zu Konflikten. Die kulturellen Unterschiede bedeuten eine Bereicherung ; sie f\u00fchren aber ebenfalls zu Konflikten.<\/p>\n\n\n\n<p>Mit der Klimaerw\u00e4rmung ist die Erde selbst und auch jeder von uns in gro\u03b2er Gefahr.<\/p>\n\n\n\n<p>Es ist nicht die richtige L\u00f6sung, der Angst oder der Entmutigung nachzugeben, wie jeder verstehen kann.<\/p>\n\n\n\n<p>Was werden wir tun ?<\/p>\n\n\n\n<h5 class=\"wp-block-heading\"><em><em>N\u00e4chste Meldung (2\/5) :<\/em> 2 Februar 2026<\/em><\/h5>\n\n\n\n<hr class=\"wp-block-separator aligncenter has-alpha-channel-opacity is-style-wide\"\/>\n\t\t\t\t\t\t<\/div><!-- .entry-content -->\n\t\t\t\t\t<\/div><!-- wp-show-posts-inner --><div class=\"wpsp-clear\"><\/div><\/article><article class=\" wp-show-posts-single wpsp-clearfix post-513 post type-post status-publish format-standard hentry category-deutsch category-message-2-deutsch\" itemtype=\"http:\/\/schema.org\/CreativeWork\" itemscope><div class=\"wp-show-posts-inner\" style=\"\">\t\t\t\t\t\t<header class=\"wp-show-posts-entry-header\">\n\t\t\t\t\t\t\t\t\t\t\t\t\t<\/header><!-- .entry-header -->\n\t\t\t\t\t\t\t\t\t\t\t<div class=\"wp-show-posts-entry-content\" itemprop=\"text\">\n\t\t\t\t\t\t\t\n<h4 class=\"wp-block-heading\" id=\"[object]\"><em>Mitteilung Nummer 2 : Der 2. Februar 2026<\/em><\/h4>\n\n\n\n<p>Vor den unz\u00e4hligen Problemen, mit denen die heutige Menschheit konfrontiert ist, w\u00e4re es am schlimmsten, aufzugeben und zu warten, die L\u00f6sung m\u00f6ge von den anderen kommen.<\/p>\n\n\n\n<p>Wie in einem Schiff mitten im Sturm hat n\u00e4mlich jeder seine Rolle zu spielen. Wir sind alle miteinander innerlich verbunden.<\/p>\n\n\n\n<p>Wir sind alle mitverantwortlich. Anstatt uns geschlagen zu geben, werden wir alle unseren Mut zusammennehmen.<\/p>\n\n\n\n<h5 class=\"wp-block-heading\"><em>N\u00e4chste Meldung (3\/5) :\u00a0\u00a0<em>31 M\u00e4rz <\/em><\/em><em><em>2026<\/em><\/em><\/h5>\n\n\n\n<hr class=\"wp-block-separator aligncenter has-alpha-channel-opacity is-style-wide\"\/>\n\t\t\t\t\t\t<\/div><!-- .entry-content -->\n\t\t\t\t\t<\/div><!-- wp-show-posts-inner --><div class=\"wpsp-clear\"><\/div><\/article><article class=\" wp-show-posts-single wpsp-clearfix post-515 post type-post status-publish format-standard hentry category-deutsch category-message-3-deutsch\" itemtype=\"http:\/\/schema.org\/CreativeWork\" itemscope><div class=\"wp-show-posts-inner\" style=\"\">\t\t\t\t\t\t<header class=\"wp-show-posts-entry-header\">\n\t\t\t\t\t\t\t\t\t\t\t\t\t<\/header><!-- .entry-header -->\n\t\t\t\t\t\t\t\t\t\t\t<div class=\"wp-show-posts-entry-content\" itemprop=\"text\">\n\t\t\t\t\t\t\t\n<h4 class=\"wp-block-heading\"><em>Mitteilung Nummer 3 : Der 31. M\u00e4rz 2026<\/em><\/h4>\n\n\n\n<p>Auch wenn die Konflikte, in die wir verwickelt sind oder denen wir beiwohnen, aussichtslos scheinen ; auch wenn die Lebensgrundlagen unseres Planeten zu versiegen scheinen : trotzdem k\u00f6nnen wir die eigenen F\u00e4higkeiten entfalten, die unseres inneren Gartens.<\/p>\n\n\n\n<p>Wir alle haben unerforschte innere Sch\u00e4tze. Es ist an der Zeit, unsalle an sie zu wenden. Jeder hat mindestens einen Schl\u00fcssel, der eine T\u00fcr \u00f6ffnen wird, ein Werkzeug, das eine Mauer sprengen wird.<\/p>\n\n\n\n<p>Da wir nun einmal Milliarden sind &#8230;<\/p>\n\n\n\n<h5 class=\"wp-block-heading\"><em><em>N\u00e4chste Meldung (4\/5) :<\/em> 14 Mai 2026<\/em><\/h5>\n\n\n\n<hr class=\"wp-block-separator aligncenter has-alpha-channel-opacity is-style-wide\"\/>\n\t\t\t\t\t\t<\/div><!-- .entry-content -->\n\t\t\t\t\t<\/div><!-- wp-show-posts-inner --><div class=\"wpsp-clear\"><\/div><\/article><\/section><!-- .wp-show-posts -->\n","protected":false},"excerpt":{"rendered":"","protected":false},"author":1,"featured_media":0,"parent":0,"menu_order":0,"comment_status":"closed","ping_status":"closed","template":"","meta":{"site-sidebar-layout":"default","site-content-layout":"default","ast-global-header-display":"","ast-main-header-display":"","ast-hfb-above-header-display":"","ast-hfb-below-header-display":"","ast-hfb-mobile-header-display":"","site-post-title":"disabled","ast-breadcrumbs-content":"","ast-featured-img":"","footer-sml-layout":"","theme-transparent-header-meta":"","adv-header-id-meta":"","stick-header-meta":"","header-above-stick-meta":"","header-main-stick-meta":"","header-below-stick-meta":"","footnotes":""},"class_list":["post-273","page","type-page","status-publish","hentry"],"_links":{"self":[{"href":"https:\/\/couragecourage.net\/index.php\/wp-json\/wp\/v2\/pages\/273","targetHints":{"allow":["GET"]}}],"collection":[{"href":"https:\/\/couragecourage.net\/index.php\/wp-json\/wp\/v2\/pages"}],"about":[{"href":"https:\/\/couragecourage.net\/index.php\/wp-json\/wp\/v2\/types\/page"}],"author":[{"embeddable":true,"href":"https:\/\/couragecourage.net\/index.php\/wp-json\/wp\/v2\/users\/1"}],"replies":[{"embeddable":true,"href":"https:\/\/couragecourage.net\/index.php\/wp-json\/wp\/v2\/comments?post=273"}],"version-history":[{"count":1,"href":"https:\/\/couragecourage.net\/index.php\/wp-json\/wp\/v2\/pages\/273\/revisions"}],"predecessor-version":[{"id":274,"href":"https:\/\/couragecourage.net\/index.php\/wp-json\/wp\/v2\/pages\/273\/revisions\/274"}],"wp:attachment":[{"href":"https:\/\/couragecourage.net\/index.php\/wp-json\/wp\/v2\/media?parent=273"}],"curies":[{"name":"wp","href":"https:\/\/api.w.org\/{rel}","templated":true}]}}