{"id":260,"date":"2022-12-28T15:44:21","date_gmt":"2022-12-28T14:44:21","guid":{"rendered":"http:\/\/couragecourage.net\/?page_id=260"},"modified":"2023-01-02T10:28:40","modified_gmt":"2023-01-02T09:28:40","slug":"brezhoneg","status":"publish","type":"page","link":"https:\/\/couragecourage.net\/index.php\/brezhoneg\/","title":{"rendered":"Brezhoneg"},"content":{"rendered":"<style>.wp-show-posts-columns#wpsp-259 {margin-left: -2em; }.wp-show-posts-columns#wpsp-259 .wp-show-posts-inner {margin: 0 0 2em 2em; }<\/style><section id=\"wpsp-259\" class=\" wp-show-posts\" style=\"\"><article class=\" wp-show-posts-single wpsp-clearfix post-257 post type-post status-publish format-standard hentry category-message-1 category-brezhoneg\" itemtype=\"http:\/\/schema.org\/CreativeWork\" itemscope><div class=\"wp-show-posts-inner\" style=\"\">\t\t\t\t\t\t<header class=\"wp-show-posts-entry-header\">\n\t\t\t\t\t\t\t\t\t\t\t\t\t<\/header><!-- .entry-header -->\n\t\t\t\t\t\t\t\t\t\t\t<div class=\"wp-show-posts-entry-content\" itemprop=\"text\">\n\t\t\t\t\t\t\t\n<figure class=\"wp-block-image size-full\"><img loading=\"lazy\" decoding=\"async\" width=\"96\" height=\"64\" src=\"http:\/\/couragecourage.net\/wp-content\/uploads\/2023\/04\/Breton.jpg\" alt=\"\" class=\"wp-image-1585\"\/><\/figure>\n\n\n\n<h3 class=\"wp-block-heading\"><em>Dihunomp !<\/em><\/h3>\n\n\n\n<h4 class=\"wp-block-heading\">Ema an douar hon lestr, arabad dimp henn loski\u00f1 ! Kennig a ra al lec&#8217;had-ma\u00f1 dimp ober un dra bennag evid an douar, ha disuj-k\u00e0er. Ha prest e vefemp d&#8217;ober ur jest gwaranti\u00f1 evid ar bed, en hon kreizon, heb ma vefemp red\u00efet da renti\u00f1-kont da zen ebed ?<\/h4>\n\n\n\n<hr class=\"wp-block-separator aligncenter has-alpha-channel-opacity is-style-wide\"\/>\n\n\n\n<h4 class=\"wp-block-heading\"><em>BLOAVEZH 19 &#8211; Mesaj 1 :\u00a0d&#8217;an 21 a viz Kerzu 2025<\/em><\/h4>\n\n\n\n<p>Petra ober ? E-korf un nebeud degado\u00f9, setu deuet hon douar ken bihan hag ur g\u00eariadenn. Peb unan a c&#8217;hell gouied ar pezh a zegouezh e penn all ar g\u00eariadenn-se.<\/p>\n\n\n\n<p>Peb unan a c&#8217;hell en em gavoud gant un den bennag deuet ag ur c&#8217;harter arall (bro, kevandir). Ema an diforc&#8217;hio\u00f9 barr-beva\u00f1 pennkaoz a ziemglew.<\/p>\n\n\n\n<p>Ema an diforc&#8217;hio\u00f9 sevenadurel, daoust dezhe beza\u00f1 awenuz ha pinvidig, pennkaoz stourmo\u00f9 arall. An ardomma\u00f1 a remerker gant an hinad zo deuet da voud un da\u00f1jer evid hon planedenn he-hunan, evid peb unan ahanimp ive.<\/p>\n\n\n\n<p>En em leuskel da vont gant an aon, gant an digalonekaad, n&#8217;hell ket boud an diskloum mad.<\/p>\n\n\n\n<p>Petra ober ?<\/p>\n\n\n\n<h5 class=\"wp-block-heading\"><em>Kenta\u00f1 mesaj (2\/5) : 02.02.2026<\/em><\/h5>\n\n\n\n<hr class=\"wp-block-separator aligncenter has-alpha-channel-opacity is-style-wide\"\/>\n\t\t\t\t\t\t<\/div><!-- .entry-content -->\n\t\t\t\t\t<\/div><!-- wp-show-posts-inner --><div class=\"wpsp-clear\"><\/div><\/article><article class=\" wp-show-posts-single wpsp-clearfix post-451 post type-post status-publish format-standard hentry category-message-2 category-brezhoneg\" itemtype=\"http:\/\/schema.org\/CreativeWork\" itemscope><div class=\"wp-show-posts-inner\" style=\"\">\t\t\t\t\t\t<header class=\"wp-show-posts-entry-header\">\n\t\t\t\t\t\t\t\t\t\t\t\t\t<\/header><!-- .entry-header -->\n\t\t\t\t\t\t\t\t\t\t\t<div class=\"wp-show-posts-entry-content\" itemprop=\"text\">\n\t\t\t\t\t\t\t\n<h4 class=\"wp-block-heading\"><em>Mesaj 2 : 2.02.2026<\/em><\/h4>\n\n\n\n<p>Gwasha\u00f1 tra d&#8217;ober, dirag problemo\u00f9 liessort an denelezh hiziw-an-deiz, a vefe koll kalon, pe gortoz e teufe an diskloum digant an dud arall.<\/p>\n\n\n\n<p>Padal, evel ul lestr er gwallamzer, pell en donvor, peb unan ahanimp en deus un dra resiz d&#8217;ober. Oll ez omp kengred. Oll ez omp e karg ag un dra bennag, responteg euz ul lod bennag.<\/p>\n\n\n\n<p>E-lec&#8217;h digaloni\u00f1 ez aomp da grogi\u00f1 e-barzh, kaloneg.<\/p>\n\n\n\n<h5 class=\"wp-block-heading\"><em>Kenta\u00f1 mesaj (3\/5) : 31.03.2026<\/em><\/h5>\n\n\n\n<hr class=\"wp-block-separator aligncenter has-alpha-channel-opacity is-style-wide\"\/>\n\t\t\t\t\t\t<\/div><!-- .entry-content -->\n\t\t\t\t\t<\/div><!-- wp-show-posts-inner --><div class=\"wpsp-clear\"><\/div><\/article><article class=\" wp-show-posts-single wpsp-clearfix post-458 post type-post status-publish format-standard hentry category-message-3 category-brezhoneg\" itemtype=\"http:\/\/schema.org\/CreativeWork\" itemscope><div class=\"wp-show-posts-inner\" style=\"\">\t\t\t\t\t\t<header class=\"wp-show-posts-entry-header\">\n\t\t\t\t\t\t\t\t\t\t\t\t\t<\/header><!-- .entry-header -->\n\t\t\t\t\t\t\t\t\t\t\t<div class=\"wp-show-posts-entry-content\" itemprop=\"text\">\n\t\t\t\t\t\t\t\n<h4 class=\"wp-block-heading\"><em>Mesaj 3 : 31.03.2026<\/em><\/h4>\n\n\n\n<p>Mar diskouez ar stourmo\u00f9 en-dro dimp, pe ar re a welomp a-bell, boud diskloum ; mar diskouez danvezio\u00f9 ar bed mont war verraad, gelloud a raomp ober gant hon nerzh dimp hon-hunan : re hon liorzh kuzh.<\/p>\n\n\n\n<p>Ennimp oll ez eus pinvidigezhio\u00f9 chomet digorvo. Daet eo an termen ma rankomp oll pu\u00f1si\u00f1 enne. Gant peb unan ahanimp ez eus un alc&#8217;hwez d&#8217;an nebeuta\u00f1, hag a zigoro un nor bennag, ur benveg hag a daolo ur vur bennag d&#8217;an diaz.<\/p>\n\n\n\n<p>Ha miliardo\u00f9 omp war an douar&#8230;<\/p>\n\n\n\n<h5 class=\"wp-block-heading\"><em>Kenta\u00f1 mesaj (4\/5) : 14.05.2026<\/em><\/h5>\n\n\n\n<hr class=\"wp-block-separator aligncenter has-alpha-channel-opacity is-style-wide\"\/>\n\t\t\t\t\t\t<\/div><!-- .entry-content -->\n\t\t\t\t\t<\/div><!-- wp-show-posts-inner --><div class=\"wpsp-clear\"><\/div><\/article><\/section><!-- .wp-show-posts -->\n","protected":false},"excerpt":{"rendered":"","protected":false},"author":1,"featured_media":0,"parent":0,"menu_order":0,"comment_status":"closed","ping_status":"closed","template":"","meta":{"site-sidebar-layout":"default","site-content-layout":"default","ast-global-header-display":"","ast-main-header-display":"","ast-hfb-above-header-display":"","ast-hfb-below-header-display":"","ast-hfb-mobile-header-display":"","site-post-title":"disabled","ast-breadcrumbs-content":"","ast-featured-img":"","footer-sml-layout":"","theme-transparent-header-meta":"","adv-header-id-meta":"","stick-header-meta":"","header-above-stick-meta":"","header-main-stick-meta":"","header-below-stick-meta":"","footnotes":""},"class_list":["post-260","page","type-page","status-publish","hentry"],"_links":{"self":[{"href":"https:\/\/couragecourage.net\/index.php\/wp-json\/wp\/v2\/pages\/260","targetHints":{"allow":["GET"]}}],"collection":[{"href":"https:\/\/couragecourage.net\/index.php\/wp-json\/wp\/v2\/pages"}],"about":[{"href":"https:\/\/couragecourage.net\/index.php\/wp-json\/wp\/v2\/types\/page"}],"author":[{"embeddable":true,"href":"https:\/\/couragecourage.net\/index.php\/wp-json\/wp\/v2\/users\/1"}],"replies":[{"embeddable":true,"href":"https:\/\/couragecourage.net\/index.php\/wp-json\/wp\/v2\/comments?post=260"}],"version-history":[{"count":1,"href":"https:\/\/couragecourage.net\/index.php\/wp-json\/wp\/v2\/pages\/260\/revisions"}],"predecessor-version":[{"id":261,"href":"https:\/\/couragecourage.net\/index.php\/wp-json\/wp\/v2\/pages\/260\/revisions\/261"}],"wp:attachment":[{"href":"https:\/\/couragecourage.net\/index.php\/wp-json\/wp\/v2\/media?parent=260"}],"curies":[{"name":"wp","href":"https:\/\/api.w.org\/{rel}","templated":true}]}}